{"id":3650,"date":"2024-05-28T09:47:35","date_gmt":"2024-05-28T07:47:35","guid":{"rendered":"https:\/\/www.ingenyus.es\/?page_id=3650"},"modified":"2025-11-24T09:46:54","modified_gmt":"2025-11-24T08:46:54","slug":"beyond-the-lab-how-to-sell","status":"publish","type":"page","link":"https:\/\/www.ingenyus.es\/en\/beyond-the-lab-how-to-sell\/","title":{"rendered":"How to sell _ A Coru\u00f1a"},"content":{"rendered":"<p>[vc_row el_class=\u201dsection-top\u201d][vc_column width=\u201d1\/2\u2033][vc_column_text el_class=\u201dtitle\u201d]<\/p>\n<h1>Beyond<\/h1>\n<h1>the lab<\/h1>\n<p>[\/vc_column_text][vc_column_text el_class=\u201dsubtitle\u201d]<\/p>\n<h2>How to sell<\/h2>\n<p>[\/vc_column_text][\/vc_column][vc_column width=\u201d1\/2\u2033 el_class=\u201dlogo-top\u201d][vc_single_image image=\u201d1524\u2033 img_size=\u201dfull\u201d onclick=\u201dcustom_link\u201d link=\u201dhttp:\/\/ingenyus.es\u201d el_class=\u201dlogo-ingenyus\u201d][\/vc_column][\/vc_row][vc_row el_class=\u201dsection-bot\u201d][vc_column width=\u201d1\/4\u2033 el_class=\u201ddata\u201d][vc_column_text el_class=\u201ddate\u201d]18 JUNIO\u201924[\/vc_column_text][vc_column_text el_class=\u201dhour\u201d]<span class=\"ui-provider bkw bkx gl bky bkz bla blb blc bld ble blf blg blh bli blj blk bll blm bln blo blp blq blr bls blt blu blv blw blx bly blz bma bmb bmc bmd\" dir=\"ltr\">19.00 a 20.30h<\/span>[\/vc_column_text][vc_column_text el_class=\u201dadress\u201d]CICA- Centro Interdisciplinar\u00a0 de Qu\u00edmica e Biolox\u00eda<\/p>\n<p>As Carballeiras, s\/n, Campus de Elvi\u00f1a. 15071 A Coru\u00f1a, Espa\u00f1a[\/vc_column_text][vc_column_text el_class=\u201dinfo\u201d]<span class=\"ui-provider bkw bkx gl bky bkz bla blb blc bld ble blf blg blh bli blj blk bll blm bln blo blp blq blr bls blt blu blv blw blx bly blz bma bmb bmc bmd\" dir=\"ltr\"><br \/>\nCharlas, mesa redonda y picoteo<\/span>[\/vc_column_text][vc_column_text css=\u201d.vc_custom_1717598137271{margin-top: 30px !important;}\u201d]<\/p>\n<p style=\"text-align: left;\"><a id=\"soluciones2\" class=\"btn btn-default\" href=\"https:\/\/www.eventbrite.es\/e\/entradas-beyond-the-lab-how-to-sell-920095980847?aff=oddtdtcreator\" target=\"_blank\" rel=\"noopener\">Inscr\u00edbete<\/a><\/p>\n<p>[\/vc_column_text][\/vc_column][vc_column width=\u201d3\/4\u2033 el_class=\u201dteam\u201d][vc_row_inner][vc_column_inner el_class=\u201dinfo\u201d][vc_column_text]\u00bfQu\u00e9 significa \u201cvender\u201d en ciencia? \u00bfPersuadir a alguien de que compre algo?\u00a0A nuestro parecer es algo que va un poco m\u00e1s all\u00e1:<strong> vender ciencia es ayudar a los dem\u00e1s<\/strong>.<\/p>\n<p>Acomp\u00e1\u00f1anos en este evento \u00edntimo en el que podr\u00e1s conocer de cerca la realidad de cient\u00edficos e investigadores m\u00e1s all\u00e1 del laboratorio y c\u00f3mo se enfrentan a la <strong>venta<\/strong>. Sus \u00e9xitos y fracasos, sus preocupaciones o las oportunidades que encontraron en su trayectoria. <strong>\u00a1Te esperamos!\u00a0<\/strong>[\/vc_column_text][vc_column_text el_class=\u201dhour\u201d]<\/p>\n<blockquote><p><strong>Inscr\u00edbete a trav\u00e9s de <a class=\"link-beyond\" href=\"https:\/\/www.eventbrite.es\/e\/entradas-beyond-the-lab-how-to-sell-920095980847?aff=oddtdtcreator\" target=\"_blank\" rel=\"noopener\">Evenbrite<\/a>:<\/strong><\/p><\/blockquote>\n<p>[\/vc_column_text][\/vc_column_inner][\/vc_row_inner][vc_row_inner el_class=\u201dteam-elements-desktop\u201d][vc_column_inner width=\u201d1\/5\u2033][vc_single_image image=\u201d3673\u2033 img_size=\u201dfull\u201d alignment=\u201dcenter\u201d][vc_column_text el_class=\u201dimg-info\u201d]<span class=\"name\">Manu Noia<\/span><br \/>\n<span class=\"position\">CEO<\/span><br \/>\n<span class=\"company\">Linknovate<\/span>[\/vc_column_text][\/vc_column_inner][vc_column_inner width=\u201d1\/5\u2033][vc_single_image image=\u201d3669\u2033 img_size=\u201dfull\u201d alignment=\u201dcenter\u201d][vc_column_text el_class=\u201dimg-info\u201d]<span class=\"name\">Ester V\u00e1zquez<\/span><br \/>\n<span class=\"position\">Co-funder and<br \/>\nCryo-em specialist<\/span><br \/>\n<span class=\"company\">TEMPOS<\/span>[\/vc_column_text][\/vc_column_inner][vc_column_inner width=\u201d1\/5\u2033][vc_single_image image=\u201d3671\u2033 img_size=\u201dfull\u201d alignment=\u201dcenter\u201d][vc_column_text el_class=\u201dimg-info\u201d]<span class=\"name\">Alexandre<\/span><br \/>\n<span class=\"name\">de la Fuente<\/span><br \/>\n<span class=\"position\">Innovation & Knowledge Transfer Manager<\/span><br \/>\n<span class=\"company\">INIBIC-FPNS<\/span><br \/>\n<span class=\"ex-position\">ex-CEO de NASASBIOTECH<\/span>[\/vc_column_text][\/vc_column_inner][vc_column_inner el_class=\u201dhidden\u201d width=\u201d2\/5\u2033]\n<div class=\"wpcf7 no-js\" id=\"wpcf7-f3659-o1\" lang=\"es-ES\" dir=\"ltr\" data-wpcf7-id=\"3659\">\n<div class=\"screen-reader-response\"><p role=\"status\" aria-live=\"polite\" aria-atomic=\"true\"><\/p> <ul><\/ul><\/div>\n<form action=\"\/en\/wp-json\/wp\/v2\/pages\/3650#wpcf7-f3659-o1\" method=\"post\" class=\"wpcf7-form init e7d0c6e54578 cmatic-conn cmatic-aud-1 cmatic-mapd0-0 cmatic-v097803 cmatic-sent-0 cmatic-total-29\" aria-label=\"Formulario de contacto\" novalidate=\"novalidate\" data-status=\"init\">\n<fieldset class=\"hidden-fields-container\"><input type=\"hidden\" name=\"_wpcf7\" value=\"3659\" \/><input type=\"hidden\" name=\"_wpcf7_version\" value=\"6.1.5\" \/><input type=\"hidden\" name=\"_wpcf7_locale\" value=\"es_ES\" \/><input type=\"hidden\" name=\"_wpcf7_unit_tag\" value=\"wpcf7-f3659-o1\" \/><input type=\"hidden\" name=\"_wpcf7_container_post\" value=\"0\" \/><input type=\"hidden\" name=\"_wpcf7_posted_data_hash\" value=\"\" \/><input type=\"hidden\" name=\"_wpcf7cf_hidden_group_fields\" value=\"[]\" \/><input type=\"hidden\" name=\"_wpcf7cf_hidden_groups\" value=\"[]\" \/><input type=\"hidden\" name=\"_wpcf7cf_visible_groups\" value=\"[]\" \/><input type=\"hidden\" name=\"_wpcf7cf_repeaters\" value=\"[]\" \/><input type=\"hidden\" name=\"_wpcf7cf_steps\" value=\"{}\" \/><input type=\"hidden\" name=\"_wpcf7cf_options\" value=\"{&quot;form_id&quot;:3659,&quot;conditions&quot;:[],&quot;settings&quot;:{&quot;animation&quot;:&quot;yes&quot;,&quot;animation_intime&quot;:200,&quot;animation_outtime&quot;:200,&quot;conditions_ui&quot;:&quot;normal&quot;,&quot;notice_dismissed&quot;:false}}\" \/><input type=\"hidden\" name=\"_wpcf7_recaptcha_response\" value=\"\" \/>\n<\/fieldset>\n<p><span class=\"wpcf7-form-control-wrap\" data-name=\"your-name\"><input size=\"40\" maxlength=\"400\" class=\"wpcf7-form-control wpcf7-text wpcf7-validates-as-required\" aria-required=\"true\" aria-invalid=\"false\" placeholder=\"Nombre*\" value=\"\" type=\"text\" name=\"your-name\" \/><\/span>\n<\/p>\n<p><span class=\"wpcf7-form-control-wrap\" data-name=\"surname\"><input size=\"40\" maxlength=\"400\" class=\"wpcf7-form-control wpcf7-text wpcf7-validates-as-required\" aria-required=\"true\" aria-invalid=\"false\" placeholder=\"Apellido*\" value=\"\" type=\"text\" name=\"surname\" \/><\/span>\n<\/p>\n<p><span class=\"wpcf7-form-control-wrap\" data-name=\"your-email\"><input size=\"40\" maxlength=\"400\" class=\"wpcf7-form-control wpcf7-email wpcf7-validates-as-required wpcf7-text wpcf7-validates-as-email\" aria-required=\"true\" aria-invalid=\"false\" placeholder=\"Email*\" value=\"\" type=\"email\" name=\"your-email\" \/><\/span>\n<\/p>\n<p><span class=\"wpcf7-form-control-wrap\" data-name=\"tel\"><input size=\"40\" maxlength=\"400\" class=\"wpcf7-form-control wpcf7-tel wpcf7-validates-as-required wpcf7-text wpcf7-validates-as-tel\" aria-required=\"true\" aria-invalid=\"false\" placeholder=\"Tel\u00e9fono*\" value=\"\" type=\"tel\" name=\"tel\" \/><\/span>\n<\/p>\n<p><input class=\"wpcf7-form-control wpcf7-submit has-spinner\" type=\"submit\" value=\"Enviar\" \/>\n<\/p><div class=\"wpcf7-response-output\" aria-hidden=\"true\"><\/div>\n<\/form>\n<\/div>\n[\/vc_column_inner][\/vc_row_inner][vc_row_inner el_class=\u201dteam-elements-mobile\u201d][vc_column_inner width=\u201d1\/5\u2033][vc_single_image image=\u201d3681\u2033 img_size=\u201dfull\u201d alignment=\u201dcenter\u201d][vc_column_text el_class=\u201dimg-info\u201d]<span class=\"name\">Manu Noia<\/span><br \/>\n<span class=\"position\">CEO<\/span><br \/>\n<span class=\"company\">Linknovate<\/span>[\/vc_column_text][\/vc_column_inner][vc_column_inner width=\u201d1\/5\u2033][vc_single_image image=\u201d3685\u2033 img_size=\u201dfull\u201d alignment=\u201dcenter\u201d][vc_column_text el_class=\u201dimg-info\u201d]<span class=\"name\">Ester V\u00e1zquez<\/span><br \/>\n<span class=\"position\">Co-funder and<br \/>\nCryo-em specialist<\/span><br \/>\n<span class=\"company\">TEMPOS<\/span>[\/vc_column_text][\/vc_column_inner][vc_column_inner width=\u201d1\/5\u2033][vc_single_image image=\u201d3683\u2033 img_size=\u201dfull\u201d alignment=\u201dcenter\u201d][vc_column_text el_class=\u201dimg-info\u201d]<span class=\"name\">Alexandre<\/span><br \/>\n<span class=\"name\">de la Fuente<\/span><br \/>\n<span class=\"position\">Innovation & Knowledge Transfer Manager<\/span><br \/>\n<span class=\"company\">INIBIC-FPNS<\/span><br \/>\n<span class=\"ex-position\">ex-CEO de NASASBIOTECH<\/span>[\/vc_column_text][\/vc_column_inner][vc_column_inner el_class=\u201dhidden\u201d width=\u201d2\/5\u2033]\n<div class=\"wpcf7 no-js\" id=\"wpcf7-f3659-o2\" lang=\"es-ES\" dir=\"ltr\" data-wpcf7-id=\"3659\">\n<div class=\"screen-reader-response\"><p role=\"status\" aria-live=\"polite\" aria-atomic=\"true\"><\/p> <ul><\/ul><\/div>\n<form action=\"\/en\/wp-json\/wp\/v2\/pages\/3650#wpcf7-f3659-o2\" method=\"post\" class=\"wpcf7-form init e7d0c6e54578 cmatic-conn cmatic-aud-1 cmatic-mapd0-0 cmatic-v097803 cmatic-sent-0 cmatic-total-29\" aria-label=\"Formulario de contacto\" novalidate=\"novalidate\" data-status=\"init\">\n<fieldset class=\"hidden-fields-container\"><input type=\"hidden\" name=\"_wpcf7\" value=\"3659\" \/><input type=\"hidden\" name=\"_wpcf7_version\" value=\"6.1.5\" \/><input type=\"hidden\" name=\"_wpcf7_locale\" value=\"es_ES\" \/><input type=\"hidden\" name=\"_wpcf7_unit_tag\" value=\"wpcf7-f3659-o2\" \/><input type=\"hidden\" name=\"_wpcf7_container_post\" value=\"0\" \/><input type=\"hidden\" name=\"_wpcf7_posted_data_hash\" value=\"\" \/><input type=\"hidden\" name=\"_wpcf7cf_hidden_group_fields\" value=\"[]\" \/><input type=\"hidden\" name=\"_wpcf7cf_hidden_groups\" value=\"[]\" \/><input type=\"hidden\" name=\"_wpcf7cf_visible_groups\" value=\"[]\" \/><input type=\"hidden\" name=\"_wpcf7cf_repeaters\" value=\"[]\" \/><input type=\"hidden\" name=\"_wpcf7cf_steps\" value=\"{}\" \/><input type=\"hidden\" name=\"_wpcf7cf_options\" value=\"{&quot;form_id&quot;:3659,&quot;conditions&quot;:[],&quot;settings&quot;:{&quot;animation&quot;:&quot;yes&quot;,&quot;animation_intime&quot;:200,&quot;animation_outtime&quot;:200,&quot;conditions_ui&quot;:&quot;normal&quot;,&quot;notice_dismissed&quot;:false}}\" \/><input type=\"hidden\" name=\"_wpcf7_recaptcha_response\" value=\"\" \/>\n<\/fieldset>\n<p><span class=\"wpcf7-form-control-wrap\" data-name=\"your-name\"><input size=\"40\" maxlength=\"400\" class=\"wpcf7-form-control wpcf7-text wpcf7-validates-as-required\" aria-required=\"true\" aria-invalid=\"false\" placeholder=\"Nombre*\" value=\"\" type=\"text\" name=\"your-name\" \/><\/span>\n<\/p>\n<p><span class=\"wpcf7-form-control-wrap\" data-name=\"surname\"><input size=\"40\" maxlength=\"400\" class=\"wpcf7-form-control wpcf7-text wpcf7-validates-as-required\" aria-required=\"true\" aria-invalid=\"false\" placeholder=\"Apellido*\" value=\"\" type=\"text\" name=\"surname\" \/><\/span>\n<\/p>\n<p><span class=\"wpcf7-form-control-wrap\" data-name=\"your-email\"><input size=\"40\" maxlength=\"400\" class=\"wpcf7-form-control wpcf7-email wpcf7-validates-as-required wpcf7-text wpcf7-validates-as-email\" aria-required=\"true\" aria-invalid=\"false\" placeholder=\"Email*\" value=\"\" type=\"email\" name=\"your-email\" \/><\/span>\n<\/p>\n<p><span class=\"wpcf7-form-control-wrap\" data-name=\"tel\"><input size=\"40\" maxlength=\"400\" class=\"wpcf7-form-control wpcf7-tel wpcf7-validates-as-required wpcf7-text wpcf7-validates-as-tel\" aria-required=\"true\" aria-invalid=\"false\" placeholder=\"Tel\u00e9fono*\" value=\"\" type=\"tel\" name=\"tel\" \/><\/span>\n<\/p>\n<p><input class=\"wpcf7-form-control wpcf7-submit has-spinner\" type=\"submit\" value=\"Enviar\" \/>\n<\/p><div class=\"wpcf7-response-output\" aria-hidden=\"true\"><\/div>\n<\/form>\n<\/div>\n[\/vc_column_inner][\/vc_row_inner][\/vc_column][\/vc_row][vc_row][vc_column el_class=\u201dlogo-bot\u201d][vc_single_image image=\u201d1524\u2033 img_size=\u201dfull\u201d onclick=\u201dcustom_link\u201d link=\u201dhttp:\/\/ingenyus.es\u201d el_class=\u201dlogo-ingenyus\u201d][\/vc_column][\/vc_row]<\/p>\n","protected":false},"excerpt":{"rendered":"<p>[vc_row el_class=\u201dsection-top\u201d][vc_column width=\u201d1\/2\u2033][vc_column_text el_class=\u201dtitle\u201d] Beyond the lab [\/vc_column_text][vc_column_text el_class=\u201dsubtitle\u201d] How to sell [\/vc_column_text][\/vc_column][vc_column width=\u201d1\/2\u2033 el_class=\u201dlogo-top\u201d][vc_single_image image=\u201d1524\u2033 img_size=\u201dfull\u201d onclick=\u201dcustom_link\u201d link=\u201dhttp:\/\/ingenyus.es\u201d el_class=\u201dlogo-ingenyus\u201d][\/vc_column][\/vc_row][vc_row el_class=\u201dsection-bot\u201d][vc_column width=\u201d1\/4\u2033 el_class=\u201ddata\u201d][vc_column_text el_class=\u201ddate\u201d]18 JUNIO\u201924[\/vc_column_text][vc_column_text el_class=\u201dhour\u201d]19.00 a 20.30h[\/vc_column_text][vc_column_text el_class=\u201dadress\u201d]CICA- Centro Interdisciplinar\u00a0 de Qu\u00edmica e Biolox\u00eda As Carballeiras, s\/n, Campus de Elvi\u00f1a. 15071 A Coru\u00f1a, Espa\u00f1a[\/vc_column_text][vc_column_text el_class=\u201dinfo\u201d] Charlas, mesa redonda y picoteo[\/vc_column_text][vc_column_text css=\u201d.vc_custom_1717598137271{margin-top: 30px !important;}\u201d] Inscr\u00edbete [&hellip;]<\/p>\n","protected":false},"author":1,"featured_media":3700,"parent":0,"menu_order":0,"comment_status":"closed","ping_status":"closed","template":"","meta":{"footnotes":"","_links_to":"","_links_to_target":""},"class_list":["post-3650","page","type-page","status-publish","has-post-thumbnail","hentry"],"yoast_head":"<!-- This site is optimized with the Yoast SEO plugin v27.5 - https:\/\/yoast.com\/product\/yoast-seo-wordpress\/ -->\n<title>How to sell _ A Coru\u00f1a | ingenyus*<\/title>\n<meta name=\"description\" content=\"En ingenyus* encontrar\u00e1s un equipo con perfiles especializados en marketing y comunicaci\u00f3n de ciencia, tecnolog\u00eda e innovaci\u00f3n\" \/>\n<meta name=\"robots\" content=\"index, follow, max-snippet:-1, max-image-preview:large, max-video-preview:-1\" \/>\n<link rel=\"canonical\" href=\"https:\/\/www.ingenyus.es\/beyond-the-lab-how-to-sell\/\" \/>\n<meta property=\"og:locale\" content=\"en_US\" \/>\n<meta property=\"og:type\" content=\"article\" \/>\n<meta property=\"og:title\" content=\"How to sell _ A Coru\u00f1a | ingenyus*\" \/>\n<meta property=\"og:description\" content=\"En ingenyus* encontrar\u00e1s un equipo con perfiles especializados en marketing y comunicaci\u00f3n de ciencia, tecnolog\u00eda e innovaci\u00f3n\" \/>\n<meta property=\"og:url\" content=\"https:\/\/www.ingenyus.es\/beyond-the-lab-how-to-sell\/\" \/>\n<meta property=\"og:site_name\" content=\"ingenyus*\" \/>\n<meta property=\"article:publisher\" content=\"https:\/\/www.facebook.com\/ingenyus\" \/>\n<meta property=\"article:modified_time\" content=\"2025-11-24T08:46:54+00:00\" \/>\n<meta property=\"og:image\" content=\"https:\/\/www.ingenyus.es\/wp-content\/uploads\/2024\/05\/62421563b3fcfb3aadadc1e3c45ee449_11zon.webp\" \/>\n\t<meta property=\"og:image:width\" content=\"1488\" \/>\n\t<meta property=\"og:image:height\" content=\"2104\" \/>\n\t<meta property=\"og:image:type\" content=\"image\/webp\" \/>\n<meta name=\"twitter:card\" content=\"summary_large_image\" \/>\n<meta name=\"twitter:site\" content=\"@ingenyus_es\" \/>\n<meta name=\"twitter:label1\" content=\"Est. reading time\" \/>\n\t<meta name=\"twitter:data1\" content=\"2 minutes\" \/>\n<script type=\"application\/ld+json\" class=\"yoast-schema-graph\">{\"@context\":\"https:\\\/\\\/schema.org\",\"@graph\":[{\"@type\":\"WebPage\",\"@id\":\"https:\\\/\\\/www.ingenyus.es\\\/beyond-the-lab-how-to-sell\\\/\",\"url\":\"https:\\\/\\\/www.ingenyus.es\\\/beyond-the-lab-how-to-sell\\\/\",\"name\":\"How to sell _ A Coru\u00f1a | ingenyus*\",\"isPartOf\":{\"@id\":\"https:\\\/\\\/www.ingenyus.es\\\/#website\"},\"primaryImageOfPage\":{\"@id\":\"https:\\\/\\\/www.ingenyus.es\\\/beyond-the-lab-how-to-sell\\\/#primaryimage\"},\"image\":{\"@id\":\"https:\\\/\\\/www.ingenyus.es\\\/beyond-the-lab-how-to-sell\\\/#primaryimage\"},\"thumbnailUrl\":\"https:\\\/\\\/www.ingenyus.es\\\/wp-content\\\/uploads\\\/2024\\\/05\\\/62421563b3fcfb3aadadc1e3c45ee449_11zon.webp\",\"datePublished\":\"2024-05-28T07:47:35+00:00\",\"dateModified\":\"2025-11-24T08:46:54+00:00\",\"description\":\"En ingenyus* encontrar\u00e1s un equipo con perfiles especializados en marketing y comunicaci\u00f3n de ciencia, tecnolog\u00eda e innovaci\u00f3n\",\"breadcrumb\":{\"@id\":\"https:\\\/\\\/www.ingenyus.es\\\/beyond-the-lab-how-to-sell\\\/#breadcrumb\"},\"inLanguage\":\"en-US\",\"potentialAction\":[{\"@type\":\"ReadAction\",\"target\":[\"https:\\\/\\\/www.ingenyus.es\\\/beyond-the-lab-how-to-sell\\\/\"]}]},{\"@type\":\"ImageObject\",\"inLanguage\":\"en-US\",\"@id\":\"https:\\\/\\\/www.ingenyus.es\\\/beyond-the-lab-how-to-sell\\\/#primaryimage\",\"url\":\"https:\\\/\\\/www.ingenyus.es\\\/wp-content\\\/uploads\\\/2024\\\/05\\\/62421563b3fcfb3aadadc1e3c45ee449_11zon.webp\",\"contentUrl\":\"https:\\\/\\\/www.ingenyus.es\\\/wp-content\\\/uploads\\\/2024\\\/05\\\/62421563b3fcfb3aadadc1e3c45ee449_11zon.webp\",\"width\":1488,\"height\":2104,\"caption\":\"beyond-fondo\"},{\"@type\":\"BreadcrumbList\",\"@id\":\"https:\\\/\\\/www.ingenyus.es\\\/beyond-the-lab-how-to-sell\\\/#breadcrumb\",\"itemListElement\":[{\"@type\":\"ListItem\",\"position\":1,\"name\":\"Home\",\"item\":\"https:\\\/\\\/www.ingenyus.es\\\/en\\\/\"},{\"@type\":\"ListItem\",\"position\":2,\"name\":\"How to sell _ A Coru\u00f1a\"}]},{\"@type\":\"WebSite\",\"@id\":\"https:\\\/\\\/www.ingenyus.es\\\/#website\",\"url\":\"https:\\\/\\\/www.ingenyus.es\\\/\",\"name\":\"ingenyus*\",\"description\":\"unnusual agency\",\"publisher\":{\"@id\":\"https:\\\/\\\/www.ingenyus.es\\\/#organization\"},\"potentialAction\":[{\"@type\":\"SearchAction\",\"target\":{\"@type\":\"EntryPoint\",\"urlTemplate\":\"https:\\\/\\\/www.ingenyus.es\\\/?s={search_term_string}\"},\"query-input\":{\"@type\":\"PropertyValueSpecification\",\"valueRequired\":true,\"valueName\":\"search_term_string\"}}],\"inLanguage\":\"en-US\"},{\"@type\":\"Organization\",\"@id\":\"https:\\\/\\\/www.ingenyus.es\\\/#organization\",\"name\":\"ingenyus*\",\"url\":\"https:\\\/\\\/www.ingenyus.es\\\/\",\"logo\":{\"@type\":\"ImageObject\",\"inLanguage\":\"en-US\",\"@id\":\"https:\\\/\\\/www.ingenyus.es\\\/#\\\/schema\\\/logo\\\/image\\\/\",\"url\":\"https:\\\/\\\/www.ingenyus.es\\\/wp-content\\\/uploads\\\/2025\\\/01\\\/in_Profile_asterisco.png\",\"contentUrl\":\"https:\\\/\\\/www.ingenyus.es\\\/wp-content\\\/uploads\\\/2025\\\/01\\\/in_Profile_asterisco.png\",\"width\":243,\"height\":203,\"caption\":\"ingenyus*\"},\"image\":{\"@id\":\"https:\\\/\\\/www.ingenyus.es\\\/#\\\/schema\\\/logo\\\/image\\\/\"},\"sameAs\":[\"https:\\\/\\\/www.facebook.com\\\/ingenyus\",\"https:\\\/\\\/x.com\\\/ingenyus_es\"]}]}<\/script>\n<!-- \/ Yoast SEO plugin. -->","yoast_head_json":{"title":"How to sell _ A Coru\u00f1a | ingenyus*","description":"En ingenyus* encontrar\u00e1s un equipo con perfiles especializados en marketing y comunicaci\u00f3n de ciencia, tecnolog\u00eda e innovaci\u00f3n","robots":{"index":"index","follow":"follow","max-snippet":"max-snippet:-1","max-image-preview":"max-image-preview:large","max-video-preview":"max-video-preview:-1"},"canonical":"https:\/\/www.ingenyus.es\/beyond-the-lab-how-to-sell\/","og_locale":"en_US","og_type":"article","og_title":"How to sell _ A Coru\u00f1a | ingenyus*","og_description":"En ingenyus* encontrar\u00e1s un equipo con perfiles especializados en marketing y comunicaci\u00f3n de ciencia, tecnolog\u00eda e innovaci\u00f3n","og_url":"https:\/\/www.ingenyus.es\/beyond-the-lab-how-to-sell\/","og_site_name":"ingenyus*","article_publisher":"https:\/\/www.facebook.com\/ingenyus","article_modified_time":"2025-11-24T08:46:54+00:00","og_image":[{"width":1488,"height":2104,"url":"https:\/\/www.ingenyus.es\/wp-content\/uploads\/2024\/05\/62421563b3fcfb3aadadc1e3c45ee449_11zon.webp","type":"image\/webp"}],"twitter_card":"summary_large_image","twitter_site":"@ingenyus_es","twitter_misc":{"Est. reading time":"2 minutes"},"schema":{"@context":"https:\/\/schema.org","@graph":[{"@type":"WebPage","@id":"https:\/\/www.ingenyus.es\/beyond-the-lab-how-to-sell\/","url":"https:\/\/www.ingenyus.es\/beyond-the-lab-how-to-sell\/","name":"How to sell _ A Coru\u00f1a | ingenyus*","isPartOf":{"@id":"https:\/\/www.ingenyus.es\/#website"},"primaryImageOfPage":{"@id":"https:\/\/www.ingenyus.es\/beyond-the-lab-how-to-sell\/#primaryimage"},"image":{"@id":"https:\/\/www.ingenyus.es\/beyond-the-lab-how-to-sell\/#primaryimage"},"thumbnailUrl":"https:\/\/www.ingenyus.es\/wp-content\/uploads\/2024\/05\/62421563b3fcfb3aadadc1e3c45ee449_11zon.webp","datePublished":"2024-05-28T07:47:35+00:00","dateModified":"2025-11-24T08:46:54+00:00","description":"En ingenyus* encontrar\u00e1s un equipo con perfiles especializados en marketing y comunicaci\u00f3n de ciencia, tecnolog\u00eda e innovaci\u00f3n","breadcrumb":{"@id":"https:\/\/www.ingenyus.es\/beyond-the-lab-how-to-sell\/#breadcrumb"},"inLanguage":"en-US","potentialAction":[{"@type":"ReadAction","target":["https:\/\/www.ingenyus.es\/beyond-the-lab-how-to-sell\/"]}]},{"@type":"ImageObject","inLanguage":"en-US","@id":"https:\/\/www.ingenyus.es\/beyond-the-lab-how-to-sell\/#primaryimage","url":"https:\/\/www.ingenyus.es\/wp-content\/uploads\/2024\/05\/62421563b3fcfb3aadadc1e3c45ee449_11zon.webp","contentUrl":"https:\/\/www.ingenyus.es\/wp-content\/uploads\/2024\/05\/62421563b3fcfb3aadadc1e3c45ee449_11zon.webp","width":1488,"height":2104,"caption":"beyond-fondo"},{"@type":"BreadcrumbList","@id":"https:\/\/www.ingenyus.es\/beyond-the-lab-how-to-sell\/#breadcrumb","itemListElement":[{"@type":"ListItem","position":1,"name":"Home","item":"https:\/\/www.ingenyus.es\/en\/"},{"@type":"ListItem","position":2,"name":"How to sell _ A Coru\u00f1a"}]},{"@type":"WebSite","@id":"https:\/\/www.ingenyus.es\/#website","url":"https:\/\/www.ingenyus.es\/","name":"ingenyus*","description":"unnusual agency","publisher":{"@id":"https:\/\/www.ingenyus.es\/#organization"},"potentialAction":[{"@type":"SearchAction","target":{"@type":"EntryPoint","urlTemplate":"https:\/\/www.ingenyus.es\/?s={search_term_string}"},"query-input":{"@type":"PropertyValueSpecification","valueRequired":true,"valueName":"search_term_string"}}],"inLanguage":"en-US"},{"@type":"Organization","@id":"https:\/\/www.ingenyus.es\/#organization","name":"ingenyus*","url":"https:\/\/www.ingenyus.es\/","logo":{"@type":"ImageObject","inLanguage":"en-US","@id":"https:\/\/www.ingenyus.es\/#\/schema\/logo\/image\/","url":"https:\/\/www.ingenyus.es\/wp-content\/uploads\/2025\/01\/in_Profile_asterisco.png","contentUrl":"https:\/\/www.ingenyus.es\/wp-content\/uploads\/2025\/01\/in_Profile_asterisco.png","width":243,"height":203,"caption":"ingenyus*"},"image":{"@id":"https:\/\/www.ingenyus.es\/#\/schema\/logo\/image\/"},"sameAs":["https:\/\/www.facebook.com\/ingenyus","https:\/\/x.com\/ingenyus_es"]}]}},"_links":{"self":[{"href":"https:\/\/www.ingenyus.es\/en\/wp-json\/wp\/v2\/pages\/3650","targetHints":{"allow":["GET"]}}],"collection":[{"href":"https:\/\/www.ingenyus.es\/en\/wp-json\/wp\/v2\/pages"}],"about":[{"href":"https:\/\/www.ingenyus.es\/en\/wp-json\/wp\/v2\/types\/page"}],"author":[{"embeddable":true,"href":"https:\/\/www.ingenyus.es\/en\/wp-json\/wp\/v2\/users\/1"}],"replies":[{"embeddable":true,"href":"https:\/\/www.ingenyus.es\/en\/wp-json\/wp\/v2\/comments?post=3650"}],"version-history":[{"count":40,"href":"https:\/\/www.ingenyus.es\/en\/wp-json\/wp\/v2\/pages\/3650\/revisions"}],"predecessor-version":[{"id":4533,"href":"https:\/\/www.ingenyus.es\/en\/wp-json\/wp\/v2\/pages\/3650\/revisions\/4533"}],"wp:featuredmedia":[{"embeddable":true,"href":"https:\/\/www.ingenyus.es\/en\/wp-json\/wp\/v2\/media\/3700"}],"wp:attachment":[{"href":"https:\/\/www.ingenyus.es\/en\/wp-json\/wp\/v2\/media?parent=3650"}],"curies":[{"name":"wp","href":"https:\/\/api.w.org\/{rel}","templated":true}]}}