{"id":888,"date":"2022-04-27T16:05:26","date_gmt":"2022-04-27T14:05:26","guid":{"rendered":"https:\/\/www.ingenyus.es\/?page_id=888"},"modified":"2022-06-06T14:39:13","modified_gmt":"2022-06-06T13:39:13","slug":"cookies-policy","status":"publish","type":"page","link":"https:\/\/www.ingenyus.es\/en\/cookies-policy\/","title":{"rendered":"Cookies policy"},"content":{"rendered":"<p>[vc_row full_width=&#8221;stretch_row&#8221; row_style=&#8221;bg-dark&#8221;][vc_column][vc_column_text]<\/p>\r\n<h1>Cookies policy<\/h1>\r\n<p>[\/vc_column_text][\/vc_column][\/vc_row][vc_row full_width=&#8221;stretch_row&#8221;][vc_column][vc_column_text]<\/p>\r\n<h2 class=\"wp-block-heading\">What are cookies?<\/h2>\r\n<p>Cookies are files stored by websites in the user&#8217;s browsers, these cookies contain session data that can be useful later on the same website. These data stored in the cookies, allow navigation information to be maintained between the different pages of the website while analyzing the way of interacting with it so the user preferences can be identified.<\/p>\r\n<p>&nbsp;<\/p>\r\n<h2>Cookies description<\/h2>\r\n<p><strong>Technical cookies:<\/strong> These cookies allow users navigation through the website, platform, or application. And the utilization of the different options and services such as traffic control and data communication, session identification, be the ability to access private areas, remembering elements for orders, making the purchase process, use of security elements during navigation or sharing content through social media.<\/p>\r\n<p>&nbsp;<\/p>\r\n<p><strong>Personalization cookies:<\/strong> These cookies allow the user access to a service with some general characteristics predefined according to some standards in the user terminal such as language, navigator type, regional configuration\u2026<\/p>\r\n<p>&nbsp;<\/p>\r\n<p><strong>Session cookies:<\/strong> These cookies are temporals and remain in the archive of cookies until the user leaves the website. These cookies analyze traffic trends on the website to provide a better experience, improve the content and make the web user-friendly.<\/p>\r\n<p>&nbsp;<\/p>\r\n<p><strong>Analytical cookies:<\/strong> These cookies with a good treatment for us or for third-parties, allow us to quantify the number of users and so do statistical analysis of the user utilization of the website. For this, we analyze your navigation on the website in order to improve the services we provide.<\/p>\r\n<p>&nbsp;<\/p>\r\n<p><strong>Publicity cookies:<\/strong> These own or third-party cookies allow us to customize publicity and make it useful for you.<\/p>\r\n<p>&nbsp;<\/p>\r\n<h2>What cookies do we use on this website?<\/h2>\r\n<div class=\"table-responsive\">\r\n<table class=\"table table-sm \">\r\n<thead class=\"thead-dark\">\r\n<tr>\r\n<th><strong>Name<\/strong><\/th>\r\n<th><strong>Incumbent<\/strong><\/th>\r\n<th><strong>Data collected<\/strong><\/th>\r\n<th><strong>Purpose<\/strong><\/th>\r\n<th><strong>Duration<\/strong><\/th>\r\n<\/tr>\r\n<\/thead>\r\n<tbody>\r\n<tr>\r\n<td>moove_gdpr_popup<\/td>\r\n<td>Own cookie<\/td>\r\n<td>Save cookie preferences<\/td>\r\n<td>Technique<\/td>\r\n<td>1 year<\/td>\r\n<\/tr>\r\n<tr>\r\n<td>wp-wpml_current_language<\/td>\r\n<td>Own cookie<\/td>\r\n<td>Save the current language<\/td>\r\n<td>Technique<\/td>\r\n<td>Session<\/td>\r\n<\/tr>\r\n<tr>\r\n<td>_ga<\/td>\r\n<td>Own cookie<\/td>\r\n<td>Visitor Sessions<\/td>\r\n<td>Analytics<\/td>\r\n<td>2 years<\/td>\r\n<\/tr>\r\n<tr>\r\n<td>_gid<\/td>\r\n<td>Own cookie<\/td>\r\n<td>Visitor Sessions<\/td>\r\n<td>Analytics<\/td>\r\n<td>1 day<\/td>\r\n<\/tr>\r\n<tr>\r\n<td>_gat_gtag_UA_[ID]<\/td>\r\n<td>Own cookie<\/td>\r\n<td>Visitor Sessions<\/td>\r\n<td>Analytics<\/td>\r\n<td>1 minute<\/td>\r\n<\/tr>\r\n<\/tbody>\r\n<\/table>\r\n<\/div>\r\n<p>&nbsp;<\/p>\r\n<h2>How can cookies be deleted from the browser?<\/h2>\r\n<ul>\r\n<li><a href=\"https:\/\/support.microsoft.com\/es-es\/topic\/c%C3%B3mo-eliminar-archivos-de-cookies-en-internet-explorer-bca9446f-d873-78de-77ba-d42645fa52fc\">Internet Explorer<\/a><\/li>\r\n<li><a href=\"https:\/\/support.mozilla.org\/es\/kb\/habilitar-y-deshabilitar-cookies-sitios-web-rastrear-preferencias\">Mozilla Firefox<\/a><\/li>\r\n<li><a href=\"https:\/\/support.google.com\/chrome\/answer\/95647?hl=es\">Google Chrome<\/a><\/li>\r\n<li><a href=\"https:\/\/support.apple.com\/es-es\/guide\/safari\/sfri11471\/mac\">Safari<\/a><\/li>\r\n<li><a href=\"https:\/\/help.opera.com\/en\/latest\/security-and-privacy\/\">Opera<\/a><\/li>\r\n<\/ul>\r\n<p>[\/vc_column_text][\/vc_column][\/vc_row]<\/p>","protected":false},"excerpt":{"rendered":"<p>[vc_row full_width=&#8221;stretch_row&#8221; row_style=&#8221;bg-dark&#8221;][vc_column][vc_column_text] Cookies policy [\/vc_column_text][\/vc_column][\/vc_row][vc_row full_width=&#8221;stretch_row&#8221;][vc_column][vc_column_text] What are cookies? Cookies are files stored by websites in the user&#8217;s browsers, these cookies contain session data that can be useful later on the same website. These data stored in the cookies, allow navigation information to be maintained between the different pages of the website while analyzing [&hellip;]<\/p>\n","protected":false},"author":1,"featured_media":0,"parent":0,"menu_order":0,"comment_status":"closed","ping_status":"closed","template":"","meta":{"footnotes":"","_links_to":"","_links_to_target":""},"class_list":["post-888","page","type-page","status-publish","hentry"],"yoast_head":"<!-- This site is optimized with the Yoast SEO plugin v20.6 - https:\/\/yoast.com\/wordpress\/plugins\/seo\/ -->\n<title>Cookies policy | ingenyus*<\/title>\n<meta name=\"description\" content=\"En ingenyus* encontrar\u00e1s un equipo con perfiles especializados en marketing y comunicaci\u00f3n de ciencia, tecnolog\u00eda e innovaci\u00f3n\" \/>\n<meta name=\"robots\" content=\"noindex, nofollow\" \/>\n<meta property=\"og:locale\" content=\"en_US\" \/>\n<meta property=\"og:type\" content=\"article\" \/>\n<meta property=\"og:title\" content=\"Cookies policy | ingenyus*\" \/>\n<meta property=\"og:description\" content=\"En ingenyus* encontrar\u00e1s un equipo con perfiles especializados en marketing y comunicaci\u00f3n de ciencia, tecnolog\u00eda e innovaci\u00f3n\" \/>\n<meta property=\"og:url\" content=\"https:\/\/www.ingenyus.es\/en\/cookies-policy\/\" \/>\n<meta property=\"og:site_name\" content=\"ingenyus*\" \/>\n<meta property=\"article:publisher\" content=\"https:\/\/www.facebook.com\/ingenyus\" \/>\n<meta property=\"article:modified_time\" content=\"2022-06-06T13:39:13+00:00\" \/>\n<meta property=\"og:image\" content=\"https:\/\/www.ingenyus.es\/wp-content\/uploads\/2025\/02\/SEO-in-horizontal.jpg\" \/>\n\t<meta property=\"og:image:width\" content=\"800\" \/>\n\t<meta property=\"og:image:height\" content=\"450\" \/>\n\t<meta property=\"og:image:type\" content=\"image\/jpeg\" \/>\n<meta name=\"twitter:card\" content=\"summary_large_image\" \/>\n<meta name=\"twitter:site\" content=\"@ingenyus_es\" \/>\n<meta name=\"twitter:label1\" content=\"Est. reading time\" \/>\n\t<meta name=\"twitter:data1\" content=\"2 minutes\" \/>\n<script type=\"application\/ld+json\" class=\"yoast-schema-graph\">{\"@context\":\"https:\/\/schema.org\",\"@graph\":[{\"@type\":\"WebPage\",\"@id\":\"https:\/\/www.ingenyus.es\/en\/cookies-policy\/\",\"url\":\"https:\/\/www.ingenyus.es\/en\/cookies-policy\/\",\"name\":\"Cookies policy | ingenyus*\",\"isPartOf\":{\"@id\":\"https:\/\/www.ingenyus.es\/#website\"},\"datePublished\":\"2022-04-27T14:05:26+00:00\",\"dateModified\":\"2022-06-06T13:39:13+00:00\",\"description\":\"En ingenyus* encontrar\u00e1s un equipo con perfiles especializados en marketing y comunicaci\u00f3n de ciencia, tecnolog\u00eda e innovaci\u00f3n\",\"breadcrumb\":{\"@id\":\"https:\/\/www.ingenyus.es\/en\/cookies-policy\/#breadcrumb\"},\"inLanguage\":\"en-US\",\"potentialAction\":[{\"@type\":\"ReadAction\",\"target\":[\"https:\/\/www.ingenyus.es\/en\/cookies-policy\/\"]}]},{\"@type\":\"BreadcrumbList\",\"@id\":\"https:\/\/www.ingenyus.es\/en\/cookies-policy\/#breadcrumb\",\"itemListElement\":[{\"@type\":\"ListItem\",\"position\":1,\"name\":\"Home\",\"item\":\"https:\/\/www.ingenyus.es\/en\/\"},{\"@type\":\"ListItem\",\"position\":2,\"name\":\"Cookies policy\"}]},{\"@type\":\"WebSite\",\"@id\":\"https:\/\/www.ingenyus.es\/#website\",\"url\":\"https:\/\/www.ingenyus.es\/\",\"name\":\"ingenyus*\",\"description\":\"unnusual agency\",\"publisher\":{\"@id\":\"https:\/\/www.ingenyus.es\/#organization\"},\"potentialAction\":[{\"@type\":\"SearchAction\",\"target\":{\"@type\":\"EntryPoint\",\"urlTemplate\":\"https:\/\/www.ingenyus.es\/?s={search_term_string}\"},\"query-input\":\"required name=search_term_string\"}],\"inLanguage\":\"en-US\"},{\"@type\":\"Organization\",\"@id\":\"https:\/\/www.ingenyus.es\/#organization\",\"name\":\"ingenyus*\",\"url\":\"https:\/\/www.ingenyus.es\/\",\"logo\":{\"@type\":\"ImageObject\",\"inLanguage\":\"en-US\",\"@id\":\"https:\/\/www.ingenyus.es\/#\/schema\/logo\/image\/\",\"url\":\"https:\/\/www.ingenyus.es\/wp-content\/uploads\/2025\/01\/in_Profile_asterisco.png\",\"contentUrl\":\"https:\/\/www.ingenyus.es\/wp-content\/uploads\/2025\/01\/in_Profile_asterisco.png\",\"width\":243,\"height\":203,\"caption\":\"ingenyus*\"},\"image\":{\"@id\":\"https:\/\/www.ingenyus.es\/#\/schema\/logo\/image\/\"},\"sameAs\":[\"https:\/\/www.facebook.com\/ingenyus\",\"https:\/\/twitter.com\/ingenyus_es\"]}]}<\/script>\n<!-- \/ Yoast SEO plugin. -->","yoast_head_json":{"title":"Cookies policy | ingenyus*","description":"En ingenyus* encontrar\u00e1s un equipo con perfiles especializados en marketing y comunicaci\u00f3n de ciencia, tecnolog\u00eda e innovaci\u00f3n","robots":{"index":"noindex","follow":"nofollow"},"og_locale":"en_US","og_type":"article","og_title":"Cookies policy | ingenyus*","og_description":"En ingenyus* encontrar\u00e1s un equipo con perfiles especializados en marketing y comunicaci\u00f3n de ciencia, tecnolog\u00eda e innovaci\u00f3n","og_url":"https:\/\/www.ingenyus.es\/en\/cookies-policy\/","og_site_name":"ingenyus*","article_publisher":"https:\/\/www.facebook.com\/ingenyus","article_modified_time":"2022-06-06T13:39:13+00:00","og_image":[{"width":800,"height":450,"url":"https:\/\/www.ingenyus.es\/wp-content\/uploads\/2025\/02\/SEO-in-horizontal.jpg","type":"image\/jpeg"}],"twitter_card":"summary_large_image","twitter_site":"@ingenyus_es","twitter_misc":{"Est. reading time":"2 minutes"},"schema":{"@context":"https:\/\/schema.org","@graph":[{"@type":"WebPage","@id":"https:\/\/www.ingenyus.es\/en\/cookies-policy\/","url":"https:\/\/www.ingenyus.es\/en\/cookies-policy\/","name":"Cookies policy | ingenyus*","isPartOf":{"@id":"https:\/\/www.ingenyus.es\/#website"},"datePublished":"2022-04-27T14:05:26+00:00","dateModified":"2022-06-06T13:39:13+00:00","description":"En ingenyus* encontrar\u00e1s un equipo con perfiles especializados en marketing y comunicaci\u00f3n de ciencia, tecnolog\u00eda e innovaci\u00f3n","breadcrumb":{"@id":"https:\/\/www.ingenyus.es\/en\/cookies-policy\/#breadcrumb"},"inLanguage":"en-US","potentialAction":[{"@type":"ReadAction","target":["https:\/\/www.ingenyus.es\/en\/cookies-policy\/"]}]},{"@type":"BreadcrumbList","@id":"https:\/\/www.ingenyus.es\/en\/cookies-policy\/#breadcrumb","itemListElement":[{"@type":"ListItem","position":1,"name":"Home","item":"https:\/\/www.ingenyus.es\/en\/"},{"@type":"ListItem","position":2,"name":"Cookies policy"}]},{"@type":"WebSite","@id":"https:\/\/www.ingenyus.es\/#website","url":"https:\/\/www.ingenyus.es\/","name":"ingenyus*","description":"unnusual agency","publisher":{"@id":"https:\/\/www.ingenyus.es\/#organization"},"potentialAction":[{"@type":"SearchAction","target":{"@type":"EntryPoint","urlTemplate":"https:\/\/www.ingenyus.es\/?s={search_term_string}"},"query-input":"required name=search_term_string"}],"inLanguage":"en-US"},{"@type":"Organization","@id":"https:\/\/www.ingenyus.es\/#organization","name":"ingenyus*","url":"https:\/\/www.ingenyus.es\/","logo":{"@type":"ImageObject","inLanguage":"en-US","@id":"https:\/\/www.ingenyus.es\/#\/schema\/logo\/image\/","url":"https:\/\/www.ingenyus.es\/wp-content\/uploads\/2025\/01\/in_Profile_asterisco.png","contentUrl":"https:\/\/www.ingenyus.es\/wp-content\/uploads\/2025\/01\/in_Profile_asterisco.png","width":243,"height":203,"caption":"ingenyus*"},"image":{"@id":"https:\/\/www.ingenyus.es\/#\/schema\/logo\/image\/"},"sameAs":["https:\/\/www.facebook.com\/ingenyus","https:\/\/twitter.com\/ingenyus_es"]}]}},"_links":{"self":[{"href":"https:\/\/www.ingenyus.es\/en\/wp-json\/wp\/v2\/pages\/888","targetHints":{"allow":["GET"]}}],"collection":[{"href":"https:\/\/www.ingenyus.es\/en\/wp-json\/wp\/v2\/pages"}],"about":[{"href":"https:\/\/www.ingenyus.es\/en\/wp-json\/wp\/v2\/types\/page"}],"author":[{"embeddable":true,"href":"https:\/\/www.ingenyus.es\/en\/wp-json\/wp\/v2\/users\/1"}],"replies":[{"embeddable":true,"href":"https:\/\/www.ingenyus.es\/en\/wp-json\/wp\/v2\/comments?post=888"}],"version-history":[{"count":4,"href":"https:\/\/www.ingenyus.es\/en\/wp-json\/wp\/v2\/pages\/888\/revisions"}],"predecessor-version":[{"id":1172,"href":"https:\/\/www.ingenyus.es\/en\/wp-json\/wp\/v2\/pages\/888\/revisions\/1172"}],"wp:attachment":[{"href":"https:\/\/www.ingenyus.es\/en\/wp-json\/wp\/v2\/media?parent=888"}],"curies":[{"name":"wp","href":"https:\/\/api.w.org\/{rel}","templated":true}]}}