{"id":4971,"date":"2024-12-23T15:39:29","date_gmt":"2024-12-23T14:39:29","guid":{"rendered":"https:\/\/www.ingenyus.es\/beyond-the-lab\/"},"modified":"2026-01-19T15:23:18","modified_gmt":"2026-01-19T14:23:18","slug":"beyond-the-lab","status":"publish","type":"page","link":"https:\/\/www.ingenyus.es\/gl\/beyond-the-lab\/","title":{"rendered":"Beyond The Lab"},"content":{"rendered":"<p>[vc_row full_width=\u201dstretch_row_content_no_spaces\u201d content_placement=\u201dbottom\u201d row_style=\u201dbg-dark\u201d el_class=\u201dfirst-row-btl\u201d][vc_column][vc_row_inner content_placement=\u201dmiddle\u201d el_class=\u201dfisrt-row-container\u201d][vc_column_inner][vc_single_image image=\u201d4972\u2033 img_size=\u201dfull\u201d el_class=\u201dbeyond-the-lab\u201d][\/vc_column_inner][vc_column_inner width=\u201d1\/2\u2033][\/vc_column_inner][vc_column_inner width=\u201d1\/2\u2033][vc_column_text]\u00c9 un espazo creado por ingenyus* para aqueles que vivimos a ciencia e a innovaci\u00f3n de preto\u2026 e desde dentro. Un punto de encontro aberto a todos, onde m\u00e1is al\u00f3 de ideas e proxectos, destacamos as persoas que est\u00e1n detr\u00e1s da ciencia: as s\u00faas historias, experiencias e todo o que hai detr\u00e1s de cada avance.<\/p>\n<p>[\/vc_column_text][\/vc_column_inner][\/vc_row_inner][\/vc_column][\/vc_row][vc_row full_width=\u201dstretch_row_content_no_spaces\u201d row_style=\u201dbg-dark\u201d row_padding_top=\u201dpt-0\u2033 row_padding_bottom=\u201dpb-0\u2033 el_class=\u201dsecond-row-btl\u201d][vc_column][vc_single_image image=\u201d4587\u2033 img_size=\u201dfull\u201d alignment=\u201dcenter\u201d el_class=\u201dbtl\u201d][\/vc_column][\/vc_row][vc_row full_width=\u201dstretch_row_content_no_spaces\u201d row_style=\u201dbg-dark\u201d el_class=\u201dthird-row-btl\u201d][vc_column][vc_row_inner el_class=\u201dthird-row-container\u201d][vc_column_inner el_class=\u201dbtl-first\u201d width=\u201d1\/4\u2033][vc_column_text el_class=\u201dtitle-btl\u201d]<\/p>\n<h2>BTL<\/h2>\n<p>[\/vc_column_text][\/vc_column_inner][vc_column_inner el_class=\u201dbtl-second\u201d width=\u201d3\/4\u2033][vc_column_text el_class=\u201dfirst-text-blt\u201d]Cada edici\u00f3n aborda un tema clave desde unha perspectiva pr\u00f3xima, mostrando non s\u00f3 o impacto da innovaci\u00f3n, sen\u00f3n tam\u00e9n os retos, as lecci\u00f3ns aprendidas e os logros dos que a fan posible. Unha oportunidade para conectar, reflexionar e descubrir como o co\u00f1ecemento e as conexi\u00f3ns humanas poden transformar a nosa contorna.[\/vc_column_text][vc_column_text el_class=\u201dsecond-text-blt\u201d]M\u00e1is que un evento, \u00e9 unha experiencia para inspirarse, aprender, colaborar e crecer xuntos, reco\u00f1ecendo o valor das persoas que impulsan a ciencia como motor de cambio e progreso.<\/p>\n<p>Ap\u00fantaste?[\/vc_column_text][vc_raw_html el_class=\u201dvideo-btl\u201d]JTNDdmlkZW8lMjBhdXRvcGxheSUyMGxvb3AlMjBtdXRlZCUyMHBsYXlzaW5saW5lJTIwc3R5bGUlM0QlMjJ3aWR0aCUzQSUyMDEwMCUyNSUzQiUyMGhlaWdodCUzRDUwMHB4JTNCJTIyJTNFJTBBJTIwJTIwJTIwJTIwJTNDc291cmNlJTIwc3JjJTNEJTIyaHR0cHMlM0ElMkYlMkZ3d3cuaW5nZW55dXMuZXMlMkZ3cC1jb250ZW50JTJGdXBsb2FkcyUyRjIwMjQlMkYxMiUyRmJ0bC5tcDQlMjIlMjB0eXBlJTNEJTIydmlkZW8lMkZtcDQlMjIlM0UlMEElM0MlMkZ2aWRlbyUzRQ==[\/vc_raw_html][\/vc_column_inner][\/vc_row_inner][\/vc_column][\/vc_row][vc_row full_width=\u201dstretch_row_content_no_spaces\u201d row_style=\u201dbg-dark\u201d row_padding_bottom=\u201dpb-0\u2033 el_class=\u201dbtl-section\u201d][vc_column][vc_row_inner el_class=\u201dgirls-just-wanna\u201d][vc_column_inner width=\u201d1\/4\u2033][vc_column_text el_class=\u201dtext-girls-just\u201d]<\/p>\n<p style=\"text-align: left;\">febreiro 2025 \/ Santiago de Compostela<\/p>\n<p>[\/vc_column_text][vc_column_text el_class=\u201dtitle-girls-just\u201d]<\/p>\n<h2 style=\"text-align: left;\">Girls Just Wanna Do Science<\/h2>\n<p>[\/vc_column_text][vc_btn title=\u201d+ informaci\u00f3n\u201d align=\u201dleft\u201d el_class=\u201dbutton-more-info\u201d link=\u201durl:https%3A%2F%2Fwww.ingenyus.es%2Fbeyond-the-lab-santiago%2F\u201d][\/vc_column_inner][vc_column_inner width=\u201d3\/4\u2033][vc_single_image image=\u201d4623\u2033 img_size=\u201dfull\u201d alignment=\u201dright\u201d onclick=\u201dcustom_link\u201d img_link_target=\u201d_blank\u201d el_class=\u201dimg-girls\u201d link=\u201dhttps:\/\/www.ingenyus.es\/beyond-the-lab-santiago\/\u201d][\/vc_column_inner][\/vc_row_inner][vc_row_inner el_class=\u201dinnovation-from\u201d][vc_column_inner width=\u201d1\/4\u2033][vc_column_text el_class=\u201dtext-innovation\u201d]<\/p>\n<p style=\"text-align: left;\">setembro 2024 \/ Lugo<\/p>\n<p>[\/vc_column_text][vc_column_text el_class=\u201dtitle-innovation\u201d]<\/p>\n<h2 style=\"text-align: left;\">INNOVATION FROM THE ROOTS<\/h2>\n<p>[\/vc_column_text][vc_btn title=\u201d+ informaci\u00f3n\u201d align=\u201dleft\u201d el_class=\u201dbutton-more-info\u201d link=\u201durl:https%3A%2F%2Fwww.ingenyus.es%2Fbeyond-the-lab-lugo%2F\u201d][\/vc_column_inner][vc_column_inner width=\u201d3\/4\u2033][vc_single_image image=\u201d4625\u2033 img_size=\u201dfull\u201d alignment=\u201dright\u201d onclick=\u201dcustom_link\u201d img_link_target=\u201d_blank\u201d el_class=\u201dimg-innovation\u201d link=\u201dhttps:\/\/www.ingenyus.es\/beyond-the-lab-lugo\/\u201d][\/vc_column_inner][\/vc_row_inner][vc_row_inner el_class=\u201dhow-to-sell\u201d][vc_column_inner width=\u201d1\/4\u2033][vc_column_text el_class=\u201dtext-how-to\u201d]<\/p>\n<p style=\"text-align: left;\">xu\u00f1o 2024 \/ A Coru\u00f1a<\/p>\n<p>[\/vc_column_text][vc_column_text el_class=\u201dtitle-how-to\u201d]<\/p>\n<h2 style=\"text-align: left;\">How to sell<\/h2>\n<p>[\/vc_column_text][vc_btn title=\u201d+ informaci\u00f3n\u201d align=\u201dleft\u201d el_class=\u201dbutton-more-info\u201d link=\u201durl:https%3A%2F%2Fwww.ingenyus.es%2Fbeyond-the-lab-how-to-sell%2F\u201d][\/vc_column_inner][vc_column_inner width=\u201d3\/4\u2033][vc_single_image image=\u201d4627\u2033 img_size=\u201dfull\u201d alignment=\u201dright\u201d onclick=\u201dcustom_link\u201d el_class=\u201dimg-how-to\u201d link=\u201dhttps:\/\/www.ingenyus.es\/beyond-the-lab-how-to-sell\/\u201d][\/vc_column_inner][\/vc_row_inner][\/vc_column][\/vc_row][vc_row full_width=\u201dstretch_row\u201d full_height=\u201dyes\u201d row_style=\u201dbg-main\u201d][vc_column][vc_column_text]<\/p>\n<h2>contacto<\/h2>\n<p>[\/vc_column_text][vc_column_text]<span class=\"VIpgJd-yAWNEb-VIpgJd-fmcmS-sn54Q\">Resumir todo o que facemos nun sitio web \u00e9 complicado. Convid\u00e1moste a que nos fales o teu proxecto.<\/span><\/p>\n<p><span class=\"\">O noso equipo reunirase contigo para valorar conxuntamente como podemos axudarche. Podemos reunirnos por videochamada, nunha cafeter\u00eda ou nas nosas oficinas na <\/span><a href=\"https:\/\/translate.google.com\/website?sl=auto&tl=gl&hl=es&client=webapp&u=https:\/\/g.page\/ingenyus-marketing-consultoria?share\" target=\"_blank\" rel=\"noopener\"><span class=\"\">r\u00faa Real 24, Planta 1\u00aa, 15003, A Coru\u00f1a<\/span><\/a><span class=\"\">\u00a0.<\/span>[\/vc_column_text][vc_row_inner el_id=\u201dhidden-contact\u201d][vc_column_inner el_class=\u201dcontact-block\u201d width=\u201d1\/2\u2033][vc_column_text]<a href=\"mailto:hola@ingenyusprueba.imaisd.es\">hola@ingenyusprueba.imaisd.es<\/a><br \/>\n<a href=\"mailto:rrhh@ingenyusprueba.imaisd.es\">rrhh@ingenyusprueba.imaisd.es<\/a><br \/>\n<a href=\"tel: +34 981 227 225\">+34 981 227 225<\/a><br \/>\n<a href=\"tel: +34 698 107 558\">+34 698 107 558<\/a><br \/>\n<a href=\"https:\/\/g.page\/ingenyus-marketing-consultoria?share\">Calle Real, 24, 1\u00ba<br \/>\n15003 A Coru\u00f1a<\/a>[\/vc_column_text][\/vc_column_inner][vc_column_inner width=\u201d1\/2\u2033 el_id=\u201dcontact-form\u201d]\n<div class=\"wpcf7 no-js\" id=\"wpcf7-f274-o1\" lang=\"en-US\" dir=\"ltr\" data-wpcf7-id=\"274\">\n<div class=\"screen-reader-response\"><p role=\"status\" aria-live=\"polite\" aria-atomic=\"true\"><\/p> <ul><\/ul><\/div>\n<form action=\"\/gl\/wp-json\/wp\/v2\/pages\/4971#wpcf7-f274-o1\" method=\"post\" class=\"wpcf7-form init e7d0c6e54578 cmatic-conn cmatic-aud-1 cmatic-mapd0-0 cmatic-v097803 cmatic-sent-0 cmatic-total-29\" aria-label=\"Contact form\" novalidate=\"novalidate\" data-status=\"init\">\n<fieldset class=\"hidden-fields-container\"><input type=\"hidden\" name=\"_wpcf7\" value=\"274\" \/><input type=\"hidden\" name=\"_wpcf7_version\" value=\"6.1.5\" \/><input type=\"hidden\" name=\"_wpcf7_locale\" value=\"en_US\" \/><input type=\"hidden\" name=\"_wpcf7_unit_tag\" value=\"wpcf7-f274-o1\" \/><input type=\"hidden\" name=\"_wpcf7_container_post\" value=\"0\" \/><input type=\"hidden\" name=\"_wpcf7_posted_data_hash\" value=\"\" \/><input type=\"hidden\" name=\"_wpcf7cf_hidden_group_fields\" value=\"[]\" \/><input type=\"hidden\" name=\"_wpcf7cf_hidden_groups\" value=\"[]\" \/><input type=\"hidden\" name=\"_wpcf7cf_visible_groups\" value=\"[]\" \/><input type=\"hidden\" name=\"_wpcf7cf_repeaters\" value=\"[]\" \/><input type=\"hidden\" name=\"_wpcf7cf_steps\" value=\"{}\" \/><input type=\"hidden\" name=\"_wpcf7cf_options\" value=\"{&quot;form_id&quot;:274,&quot;conditions&quot;:[{&quot;then_field&quot;:&quot;group-extra-data&quot;,&quot;and_rules&quot;:[{&quot;if_field&quot;:&quot;user&quot;,&quot;operator&quot;:&quot;not equals&quot;,&quot;if_value&quot;:&quot;&quot;},{&quot;if_field&quot;:&quot;subject&quot;,&quot;operator&quot;:&quot;not equals&quot;,&quot;if_value&quot;:&quot;&quot;},{&quot;if_field&quot;:&quot;email&quot;,&quot;operator&quot;:&quot;not equals&quot;,&quot;if_value&quot;:&quot;&quot;}]}],&quot;settings&quot;:{&quot;animation&quot;:&quot;yes&quot;,&quot;animation_intime&quot;:200,&quot;animation_outtime&quot;:200,&quot;conditions_ui&quot;:&quot;normal&quot;,&quot;notice_dismissed&quot;:false}}\" \/><input type=\"hidden\" name=\"_wpcf7_recaptcha_response\" value=\"\" \/>\n<\/fieldset>\n<p><label for='user'> nombre*<\/label><br \/>\n<span class=\"wpcf7-form-control-wrap\" data-name=\"user\"><input size=\"40\" maxlength=\"400\" class=\"wpcf7-form-control wpcf7-text wpcf7-validates-as-required\" aria-required=\"true\" aria-invalid=\"false\" placeholder=\"nombre\" value=\"\" type=\"text\" name=\"user\" \/><\/span>\n<\/p>\n<p><label for=\"email\">email*<\/label><br \/>\n<span class=\"wpcf7-form-control-wrap\" data-name=\"email\"><input size=\"40\" maxlength=\"400\" class=\"wpcf7-form-control wpcf7-email wpcf7-text wpcf7-validates-as-email\" aria-invalid=\"false\" placeholder=\"email@ejemplo.com\" value=\"\" type=\"email\" name=\"email\" \/><\/span>\n<\/p>\n<p><label for='subject'> asunto*<\/label><br \/>\n<span class=\"wpcf7-form-control-wrap\" data-name=\"subject\"><input size=\"40\" maxlength=\"400\" class=\"wpcf7-form-control wpcf7-text wpcf7-validates-as-required\" aria-required=\"true\" aria-invalid=\"false\" placeholder=\"asunto\" value=\"\" type=\"text\" name=\"subject\" \/><\/span>\n<\/p>\n<p><label for='message'> mensaje<\/label><br \/>\n<span class=\"wpcf7-form-control-wrap\" data-name=\"message\"><textarea cols=\"40\" rows=\"10\" maxlength=\"2000\" class=\"wpcf7-form-control wpcf7-textarea\" aria-invalid=\"false\" placeholder=\"mensaje\" name=\"message\"><\/textarea><\/span>\n<\/p>\n<div data-id=\"group-extra-data\" data-orig_data_id=\"group-extra-data\"  class=\"\" data-class=\"wpcf7cf_group\">\n\t<p><span class=\"wpcf7-form-control-wrap\" data-name=\"legal\"><span class=\"wpcf7-form-control wpcf7-acceptance\"><span class=\"wpcf7-list-item\"><label><input type=\"checkbox\" name=\"legal\" value=\"1\" aria-invalid=\"false\" \/><span class=\"wpcf7-list-item-label\">He le\u00eddo y acepto <a href='\/politica-privacidad\/'>la pol\u00edtica de privacidad<\/a><\/span><\/label><\/span><\/span><\/span>\n\t<\/p>\n<\/div>\n<p><input class=\"wpcf7-form-control wpcf7-submit has-spinner btn btn-default btn-outline btn-rounded\" type=\"submit\" value=\"enviar\" \/>\n<\/p><div class=\"wpcf7-response-output\" aria-hidden=\"true\"><\/div>\n<\/form>\n<\/div>\n[\/vc_column_inner][\/vc_row_inner][vc_column_text el_class=\u201dtext-center\u201d]<a id=\"open-contact\" class=\"btn btn-default\" href=\"#\">contacto<\/a>[\/vc_column_text][vc_separator][vc_row_inner equal_height=\u201dyes\u201d content_placement=\u201dmiddle\u201d][vc_column_inner width=\u201d1\/2\u2033][vc_column_text]<\/p>\n<h2>newsletter<\/h2>\n<p>[\/vc_column_text][vc_column_text]Subscr\u00edbete! Compromet\u00e9monos a non enviar demasiados, e s\u00f3 con informaci\u00f3n de interese como ofertas concretas, financiamento, etc.[\/vc_column_text][\/vc_column_inner][vc_column_inner width=\u201d1\/2\u2033]\n<div class=\"wpcf7 no-js\" id=\"wpcf7-f814-o2\" lang=\"en-US\" dir=\"ltr\" data-wpcf7-id=\"814\">\n<div class=\"screen-reader-response\"><p role=\"status\" aria-live=\"polite\" aria-atomic=\"true\"><\/p> <ul><\/ul><\/div>\n<form action=\"\/gl\/wp-json\/wp\/v2\/pages\/4971#wpcf7-f814-o2\" method=\"post\" class=\"wpcf7-form init e7d0c6e54578 cmatic-conn cmatic-aud-1 cmatic-mapd0-0 cmatic-v097803 cmatic-sent-0 cmatic-total-29\" aria-label=\"Contact form\" novalidate=\"novalidate\" data-status=\"init\">\n<fieldset class=\"hidden-fields-container\"><input type=\"hidden\" name=\"_wpcf7\" value=\"814\" \/><input type=\"hidden\" name=\"_wpcf7_version\" value=\"6.1.5\" \/><input type=\"hidden\" name=\"_wpcf7_locale\" value=\"en_US\" \/><input type=\"hidden\" name=\"_wpcf7_unit_tag\" value=\"wpcf7-f814-o2\" \/><input type=\"hidden\" name=\"_wpcf7_container_post\" value=\"0\" \/><input type=\"hidden\" name=\"_wpcf7_posted_data_hash\" value=\"\" \/><input type=\"hidden\" name=\"_wpcf7cf_hidden_group_fields\" value=\"[]\" \/><input type=\"hidden\" name=\"_wpcf7cf_hidden_groups\" value=\"[]\" \/><input type=\"hidden\" name=\"_wpcf7cf_visible_groups\" value=\"[]\" \/><input type=\"hidden\" name=\"_wpcf7cf_repeaters\" value=\"[]\" \/><input type=\"hidden\" name=\"_wpcf7cf_steps\" value=\"{}\" \/><input type=\"hidden\" name=\"_wpcf7cf_options\" value=\"{&quot;form_id&quot;:814,&quot;conditions&quot;:[{&quot;then_field&quot;:&quot;group-extra-data&quot;,&quot;and_rules&quot;:[{&quot;if_field&quot;:&quot;correo&quot;,&quot;operator&quot;:&quot;not equals&quot;,&quot;if_value&quot;:&quot;&quot;}]}],&quot;settings&quot;:{&quot;animation&quot;:&quot;yes&quot;,&quot;animation_intime&quot;:200,&quot;animation_outtime&quot;:200,&quot;conditions_ui&quot;:&quot;normal&quot;,&quot;notice_dismissed&quot;:false}}\" \/><input type=\"hidden\" name=\"_wpcf7_recaptcha_response\" value=\"\" \/>\n<\/fieldset>\n<p><label for=\"correo\">email*<\/label><br \/>\n<span class=\"wpcf7-form-control-wrap\" data-name=\"correo\"><input size=\"40\" maxlength=\"400\" class=\"wpcf7-form-control wpcf7-email wpcf7-validates-as-required wpcf7-text wpcf7-validates-as-email\" aria-required=\"true\" aria-invalid=\"false\" placeholder=\"email@example.com\" value=\"\" type=\"email\" name=\"correo\" \/><\/span>\n<\/p>\n<div data-id=\"group-extra-data\" data-orig_data_id=\"group-extra-data\"  class=\"\" data-class=\"wpcf7cf_group\">\n\t<p><span class=\"wpcf7-form-control-wrap\" data-name=\"my-optin\"><span class=\"wpcf7-form-control wpcf7-acceptance\"><span class=\"wpcf7-list-item\"><label><input type=\"checkbox\" name=\"my-optin\" value=\"1\" aria-invalid=\"false\" \/><span class=\"wpcf7-list-item-label\">I agree, and accept <a href='\/en\/privacy-policy\/' target=\"_blank\" rel=\"noopener noreferrer nofollow\">the data protection policy<\/a><\/span><\/label><\/span><\/span><\/span><br \/>\n<input class=\"wpcf7-form-control wpcf7-submit has-spinner btn btn-default btn-outline btn-rounded\" type=\"submit\" value=\"join\" \/>\n\t<\/p>\n<\/div><div class=\"wpcf7-response-output\" aria-hidden=\"true\"><\/div>\n<\/form>\n<\/div>\n[\/vc_column_inner][\/vc_row_inner][\/vc_column][\/vc_row]<\/p>\n","protected":false},"excerpt":{"rendered":"<p>[vc_row full_width=\u201dstretch_row_content_no_spaces\u201d content_placement=\u201dbottom\u201d row_style=\u201dbg-dark\u201d el_class=\u201dfirst-row-btl\u201d][vc_column][vc_row_inner content_placement=\u201dmiddle\u201d el_class=\u201dfisrt-row-container\u201d][vc_column_inner][vc_single_image image=\u201d4972\u2033 img_size=\u201dfull\u201d el_class=\u201dbeyond-the-lab\u201d][\/vc_column_inner][vc_column_inner width=\u201d1\/2\u2033][\/vc_column_inner][vc_column_inner width=\u201d1\/2\u2033][vc_column_text]\u00c9 un espazo creado por ingenyus* para aqueles que vivimos a ciencia e a innovaci\u00f3n de preto\u2026 e desde dentro. Un punto de encontro aberto a todos, onde m\u00e1is al\u00f3 de ideas e proxectos, destacamos as persoas que est\u00e1n detr\u00e1s da ciencia: as s\u00faas [&hellip;]<\/p>\n","protected":false},"author":1,"featured_media":0,"parent":0,"menu_order":0,"comment_status":"closed","ping_status":"closed","template":"","meta":{"footnotes":"","_links_to":"","_links_to_target":""},"class_list":["post-4971","page","type-page","status-publish","hentry"],"yoast_head":"<!-- This site is optimized with the Yoast SEO plugin v27.5 - https:\/\/yoast.com\/product\/yoast-seo-wordpress\/ -->\n<title>Beyond The Lab | ingenyus*<\/title>\n<meta name=\"description\" content=\"En ingenyus* atopar\u00e1s un equipo con perf\u00eds especializados en marketing e comunicaci\u00f3n de ciencia, tecnolox\u00eda e innovaci\u00f3n.\" \/>\n<meta name=\"robots\" content=\"index, follow, max-snippet:-1, max-image-preview:large, max-video-preview:-1\" \/>\n<link rel=\"canonical\" href=\"https:\/\/www.ingenyus.es\/gl\/beyond-the-lab\/\" \/>\n<meta property=\"og:locale\" content=\"gl_ES\" \/>\n<meta property=\"og:type\" content=\"article\" \/>\n<meta property=\"og:title\" content=\"Beyond The Lab | ingenyus*\" \/>\n<meta property=\"og:description\" content=\"En ingenyus* atopar\u00e1s un equipo con perf\u00eds especializados en marketing e comunicaci\u00f3n de ciencia, tecnolox\u00eda e innovaci\u00f3n.\" \/>\n<meta property=\"og:url\" content=\"https:\/\/www.ingenyus.es\/gl\/beyond-the-lab\/\" \/>\n<meta property=\"og:site_name\" content=\"ingenyus*\" \/>\n<meta property=\"article:publisher\" content=\"https:\/\/www.facebook.com\/ingenyus\" \/>\n<meta property=\"article:modified_time\" content=\"2026-01-19T14:23:18+00:00\" \/>\n<meta property=\"og:image\" content=\"https:\/\/www.ingenyus.es\/wp-content\/uploads\/2025\/02\/SEO-in-horizontal.jpg\" \/>\n\t<meta property=\"og:image:width\" content=\"800\" \/>\n\t<meta property=\"og:image:height\" content=\"450\" \/>\n\t<meta property=\"og:image:type\" content=\"image\/jpeg\" \/>\n<meta name=\"twitter:card\" content=\"summary_large_image\" \/>\n<meta name=\"twitter:site\" content=\"@ingenyus_es\" \/>\n<meta name=\"twitter:label1\" content=\"Tempo de lectura\" \/>\n\t<meta name=\"twitter:data1\" content=\"2 minutos\" \/>\n<script type=\"application\/ld+json\" class=\"yoast-schema-graph\">{\"@context\":\"https:\\\/\\\/schema.org\",\"@graph\":[{\"@type\":\"WebPage\",\"@id\":\"https:\\\/\\\/www.ingenyus.es\\\/gl\\\/beyond-the-lab\\\/\",\"url\":\"https:\\\/\\\/www.ingenyus.es\\\/gl\\\/beyond-the-lab\\\/\",\"name\":\"Beyond The Lab | ingenyus*\",\"isPartOf\":{\"@id\":\"https:\\\/\\\/www.ingenyus.es\\\/#website\"},\"datePublished\":\"2024-12-23T14:39:29+00:00\",\"dateModified\":\"2026-01-19T14:23:18+00:00\",\"description\":\"En ingenyus* atopar\u00e1s un equipo con perf\u00eds especializados en marketing e comunicaci\u00f3n de ciencia, tecnolox\u00eda e innovaci\u00f3n.\",\"breadcrumb\":{\"@id\":\"https:\\\/\\\/www.ingenyus.es\\\/gl\\\/beyond-the-lab\\\/#breadcrumb\"},\"inLanguage\":\"gl-ES\",\"potentialAction\":[{\"@type\":\"ReadAction\",\"target\":[\"https:\\\/\\\/www.ingenyus.es\\\/gl\\\/beyond-the-lab\\\/\"]}]},{\"@type\":\"BreadcrumbList\",\"@id\":\"https:\\\/\\\/www.ingenyus.es\\\/gl\\\/beyond-the-lab\\\/#breadcrumb\",\"itemListElement\":[{\"@type\":\"ListItem\",\"position\":1,\"name\":\"Home\",\"item\":\"https:\\\/\\\/www.ingenyus.es\\\/gl\\\/\"},{\"@type\":\"ListItem\",\"position\":2,\"name\":\"Beyond The Lab\"}]},{\"@type\":\"WebSite\",\"@id\":\"https:\\\/\\\/www.ingenyus.es\\\/#website\",\"url\":\"https:\\\/\\\/www.ingenyus.es\\\/\",\"name\":\"ingenyus*\",\"description\":\"unnusual agency\",\"publisher\":{\"@id\":\"https:\\\/\\\/www.ingenyus.es\\\/#organization\"},\"potentialAction\":[{\"@type\":\"SearchAction\",\"target\":{\"@type\":\"EntryPoint\",\"urlTemplate\":\"https:\\\/\\\/www.ingenyus.es\\\/?s={search_term_string}\"},\"query-input\":{\"@type\":\"PropertyValueSpecification\",\"valueRequired\":true,\"valueName\":\"search_term_string\"}}],\"inLanguage\":\"gl-ES\"},{\"@type\":\"Organization\",\"@id\":\"https:\\\/\\\/www.ingenyus.es\\\/#organization\",\"name\":\"ingenyus*\",\"url\":\"https:\\\/\\\/www.ingenyus.es\\\/\",\"logo\":{\"@type\":\"ImageObject\",\"inLanguage\":\"gl-ES\",\"@id\":\"https:\\\/\\\/www.ingenyus.es\\\/#\\\/schema\\\/logo\\\/image\\\/\",\"url\":\"https:\\\/\\\/www.ingenyus.es\\\/wp-content\\\/uploads\\\/2025\\\/01\\\/in_Profile_asterisco.png\",\"contentUrl\":\"https:\\\/\\\/www.ingenyus.es\\\/wp-content\\\/uploads\\\/2025\\\/01\\\/in_Profile_asterisco.png\",\"width\":243,\"height\":203,\"caption\":\"ingenyus*\"},\"image\":{\"@id\":\"https:\\\/\\\/www.ingenyus.es\\\/#\\\/schema\\\/logo\\\/image\\\/\"},\"sameAs\":[\"https:\\\/\\\/www.facebook.com\\\/ingenyus\",\"https:\\\/\\\/x.com\\\/ingenyus_es\"]}]}<\/script>\n<!-- \/ Yoast SEO plugin. -->","yoast_head_json":{"title":"Beyond The Lab | ingenyus*","description":"En ingenyus* atopar\u00e1s un equipo con perf\u00eds especializados en marketing e comunicaci\u00f3n de ciencia, tecnolox\u00eda e innovaci\u00f3n.","robots":{"index":"index","follow":"follow","max-snippet":"max-snippet:-1","max-image-preview":"max-image-preview:large","max-video-preview":"max-video-preview:-1"},"canonical":"https:\/\/www.ingenyus.es\/gl\/beyond-the-lab\/","og_locale":"gl_ES","og_type":"article","og_title":"Beyond The Lab | ingenyus*","og_description":"En ingenyus* atopar\u00e1s un equipo con perf\u00eds especializados en marketing e comunicaci\u00f3n de ciencia, tecnolox\u00eda e innovaci\u00f3n.","og_url":"https:\/\/www.ingenyus.es\/gl\/beyond-the-lab\/","og_site_name":"ingenyus*","article_publisher":"https:\/\/www.facebook.com\/ingenyus","article_modified_time":"2026-01-19T14:23:18+00:00","og_image":[{"width":800,"height":450,"url":"https:\/\/www.ingenyus.es\/wp-content\/uploads\/2025\/02\/SEO-in-horizontal.jpg","type":"image\/jpeg"}],"twitter_card":"summary_large_image","twitter_site":"@ingenyus_es","twitter_misc":{"Tempo de lectura":"2 minutos"},"schema":{"@context":"https:\/\/schema.org","@graph":[{"@type":"WebPage","@id":"https:\/\/www.ingenyus.es\/gl\/beyond-the-lab\/","url":"https:\/\/www.ingenyus.es\/gl\/beyond-the-lab\/","name":"Beyond The Lab | ingenyus*","isPartOf":{"@id":"https:\/\/www.ingenyus.es\/#website"},"datePublished":"2024-12-23T14:39:29+00:00","dateModified":"2026-01-19T14:23:18+00:00","description":"En ingenyus* atopar\u00e1s un equipo con perf\u00eds especializados en marketing e comunicaci\u00f3n de ciencia, tecnolox\u00eda e innovaci\u00f3n.","breadcrumb":{"@id":"https:\/\/www.ingenyus.es\/gl\/beyond-the-lab\/#breadcrumb"},"inLanguage":"gl-ES","potentialAction":[{"@type":"ReadAction","target":["https:\/\/www.ingenyus.es\/gl\/beyond-the-lab\/"]}]},{"@type":"BreadcrumbList","@id":"https:\/\/www.ingenyus.es\/gl\/beyond-the-lab\/#breadcrumb","itemListElement":[{"@type":"ListItem","position":1,"name":"Home","item":"https:\/\/www.ingenyus.es\/gl\/"},{"@type":"ListItem","position":2,"name":"Beyond The Lab"}]},{"@type":"WebSite","@id":"https:\/\/www.ingenyus.es\/#website","url":"https:\/\/www.ingenyus.es\/","name":"ingenyus*","description":"unnusual agency","publisher":{"@id":"https:\/\/www.ingenyus.es\/#organization"},"potentialAction":[{"@type":"SearchAction","target":{"@type":"EntryPoint","urlTemplate":"https:\/\/www.ingenyus.es\/?s={search_term_string}"},"query-input":{"@type":"PropertyValueSpecification","valueRequired":true,"valueName":"search_term_string"}}],"inLanguage":"gl-ES"},{"@type":"Organization","@id":"https:\/\/www.ingenyus.es\/#organization","name":"ingenyus*","url":"https:\/\/www.ingenyus.es\/","logo":{"@type":"ImageObject","inLanguage":"gl-ES","@id":"https:\/\/www.ingenyus.es\/#\/schema\/logo\/image\/","url":"https:\/\/www.ingenyus.es\/wp-content\/uploads\/2025\/01\/in_Profile_asterisco.png","contentUrl":"https:\/\/www.ingenyus.es\/wp-content\/uploads\/2025\/01\/in_Profile_asterisco.png","width":243,"height":203,"caption":"ingenyus*"},"image":{"@id":"https:\/\/www.ingenyus.es\/#\/schema\/logo\/image\/"},"sameAs":["https:\/\/www.facebook.com\/ingenyus","https:\/\/x.com\/ingenyus_es"]}]}},"_links":{"self":[{"href":"https:\/\/www.ingenyus.es\/gl\/wp-json\/wp\/v2\/pages\/4971","targetHints":{"allow":["GET"]}}],"collection":[{"href":"https:\/\/www.ingenyus.es\/gl\/wp-json\/wp\/v2\/pages"}],"about":[{"href":"https:\/\/www.ingenyus.es\/gl\/wp-json\/wp\/v2\/types\/page"}],"author":[{"embeddable":true,"href":"https:\/\/www.ingenyus.es\/gl\/wp-json\/wp\/v2\/users\/1"}],"replies":[{"embeddable":true,"href":"https:\/\/www.ingenyus.es\/gl\/wp-json\/wp\/v2\/comments?post=4971"}],"version-history":[{"count":4,"href":"https:\/\/www.ingenyus.es\/gl\/wp-json\/wp\/v2\/pages\/4971\/revisions"}],"predecessor-version":[{"id":6338,"href":"https:\/\/www.ingenyus.es\/gl\/wp-json\/wp\/v2\/pages\/4971\/revisions\/6338"}],"wp:attachment":[{"href":"https:\/\/www.ingenyus.es\/gl\/wp-json\/wp\/v2\/media?parent=4971"}],"curies":[{"name":"wp","href":"https:\/\/api.w.org\/{rel}","templated":true}]}}