{"id":4981,"date":"2022-04-27T16:05:42","date_gmt":"2022-04-27T14:05:42","guid":{"rendered":"https:\/\/www.ingenyus.es\/aviso-legal\/"},"modified":"2026-01-19T15:16:04","modified_gmt":"2026-01-19T14:16:04","slug":"aviso-legal","status":"publish","type":"page","link":"https:\/\/www.ingenyus.es\/gl\/aviso-legal\/","title":{"rendered":"Aviso Legal"},"content":{"rendered":"<p>[vc_row full_width=\u201dstretch_row\u201d row_style=\u201dbg-dark\u201d][vc_column][vc_column_text]<\/p>\n<h1>Aviso Legal<\/h1>\n<p>[\/vc_column_text][\/vc_column][\/vc_row][vc_row full_width=\u201dstretch_row\u201d][vc_column][vc_column_text]Ingenyus Marketing Inteligente S.L. como responsable deste sitio web, pon ao dispor dos usuarios o presente documento co que pretende dar cumprimento \u00e1s obrigaci\u00f3ns dispostas na Lei 34\/2002, de Servizos da Sociedade da Informaci\u00f3n (LSSI), en particular, conforme ao disposto no seu artigo 10, este sitio web ofrece aos usuarios ou destinatarios do servizo e aos \u00f3rganos competentes, a seguinte informaci\u00f3n de forma permanente, f\u00e1cil, directa e gratu\u00edta:<\/p>\n<ul>\n<li><strong>Titular<\/strong> <strong>do <\/strong><strong>sitio web<\/strong>: Ingenyus Marketing Inteligente S.L. (en diante \u201co propietario\u201d)<\/li>\n<li><strong>CIF: <\/strong>B70325808<\/li>\n<li><strong>Domicilio a efectos de notificaci\u00f3ns: <\/strong>R\u00faa Real, 24, 1\u00ba, 15003, A Coru\u00f1a.<\/li>\n<\/ul>\n<ul>\n<li><strong>Correo electr\u00f3nico a efectos de notificaci\u00f3ns<\/strong>: <a href=\"mailto:hola@ingenyus.es\">hola@ingenyus.es<\/a><\/li>\n<li><strong>Nome do dominio web<\/strong>: <a href=\"https:\/\/www.ingenyus.es\/gl\/\">https:\/\/www.es<\/a> \u00e9 un nome de dominio do titular do sitio web e aas presentes condici\u00f3ns regulan o acceso a este sitio web.<\/li>\n<li><strong>Tel\u00e9fono de contacto<\/strong>: (+34) 981 227 225<\/li>\n<\/ul>\n<p>R\u00e9xime de autorizaci\u00f3n administrativa previa: A actividade desenvolvida a trav\u00e9s da presente p\u00e1xina web non est\u00e1 suxeita a un r\u00e9xime de autorizaci\u00f3n administrativa previa, (artigo 6 da Lei 34\/2002 de Servizos da Sociedade da Informaci\u00f3n e do Comercio Electr\u00f3nico (LSSI)).<\/p>\n<p>\u00a0<\/p>\n<h2><strong>Responsabilidade sobre o contido<\/strong><\/h2>\n<p>O propietario non \u00e9 responsable de calquera dano directo ou indirecto que poida ocasionar a exactitude, integridade ou veracidade da devandita informaci\u00f3n, as\u00ed como tampouco do uso do contido ou elementos deste sitio web.<\/p>\n<p>\u00a0<\/p>\n<h2><strong>Responsabilidade sobre ligaz\u00f3ns e informaci\u00f3ns de terceiros<\/strong><\/h2>\n<p>O propietario declara que poder\u00e1 inclu\u00edr informaci\u00f3n sobre terceiros de modo que complemente a informaci\u00f3n dos seus servizos.<\/p>\n<p>En cumprimento do artigo 17 da Lei 34\/2002 de Servizos da Sociedade da Informaci\u00f3n e do Comercio Electr\u00f3nico (LSSI), a presente p\u00e1xina web declara que non ten responsabilidade sobre as ligaz\u00f3ns facilitadas a outros contidos ou que incl\u00faan nos seus directorios ou instrumentos de procura de contidos:<\/p>\n<ul>\n<li>Excepto te\u00f1a co\u00f1ecemento efectivo de que a actividade ou a informaci\u00f3n \u00e1 que remiten ou recomendan \u00e9 il\u00edcita ou de que lesiona bens ou dereitos dun terceiro susceptibles de indemnizaci\u00f3n.<\/li>\n<li>Act\u00fae con dilixencia para suprimir ou inutilizar o enlace<\/li>\n<\/ul>\n<p>\u00a0<\/p>\n<h2><strong>Responsabilidade polo funcionamiento do sitio web<\/strong><\/h2>\n<p>Este sitio web foi revisado e probado para que funcione correctamente. Con todo, o propietario non descarta a posibilidade de que existan certos erros de programaci\u00f3n, ou que acontezan causas de forza maior que fagan inaccesible a p\u00e1xina web.<\/p>\n<p>\u00a0<\/p>\n<h2><strong>Condici\u00f3ns de utilizaci\u00f3n do sitio web<\/strong><\/h2>\n<p>A utilizaci\u00f3n do sitio web ou a s\u00faa navegaci\u00f3n non implica a obrigatoriedade de inscrici\u00f3n ou rexistro do usuario, esta tan s\u00f3 ser\u00e1 necesaria para a solicitude de informaci\u00f3n. As condici\u00f3ns de acceso e uso do sitio web do propietario r\u00e9xense estritamente pola legalidade vixente e polo principio de boa fe, compromet\u00e9ndose o usuario realizar un bo uso do sitio web. Quedan por tanto prohibidos todos os actos que vulneren a legalidade, dereitos ou intereses de terceiros.<\/p>\n<p>\u00a0<\/p>\n<h2><strong>Finalidade do sitio web<\/strong><\/h2>\n<p>A finalidade do sitio web \u00e9 a de informar sobre os servicios relacionados coa actividade do propietario.<\/p>\n<p>\u00a0<\/p>\n<h2><strong>Propiedade Intelectual<\/strong><\/h2>\n<p>O propietario \u00e9 titular dos dereitos de propiedade intelectual sobre os contidos ou elementos deste sitio web, ou disp\u00f3n dos permisos necesarios para a s\u00faa utilizaci\u00f3n. Calquera acci\u00f3n que implique a reproduci\u00f3n, comunicaci\u00f3n p\u00fablica, distribuci\u00f3n ou transformaci\u00f3n, as\u00ed como calquera outra forma de explotaci\u00f3n econ\u00f3mica de todo ou parte dos devanditos contidos ou elementos, realizado baixo calquera forma ou mediante calquera medio, requirir\u00e1 o consentimento previo e por escrito do propietario, salvo que o usuario poida acreditar de modo fidedigno dispo\u00f1er do correspondente dereito de propiedade intelectual ou da habilitaci\u00f3n necesaria.<\/p>\n<p>Para realizar calquera tipo de observaci\u00f3n respecto a posibles incumprimentos dos dereitos de propiedade intelectual ou industrial, as\u00ed como sobre calquera dos contidos do sitio web, pode facelo a trav\u00e9s da seguinte ligaz\u00f3n <a href=\"mailto:hola@ingenyus.es\">hola@ingenyus.es<\/a>.<\/p>\n<p>\u00a0<\/p>\n<h2><strong>Aceptaci\u00f3n e modificaci\u00f3ns no aviso legal<\/strong><\/h2>\n<p>O propietario poder\u00e1 realizar cantas modificaci\u00f3ns considere necesarias sobre o contido deste sitio web sen aviso previo, tanto no referente \u00e1 informaci\u00f3n dos seus produtos ou servizos como en relaci\u00f3n con calquera outro elemento que forme parte deste. O contido deste sitio web \u00e9 informativo, polo que o propietario non outorga garant\u00eda algunha sobre a exactitude, integridade ou veracidade da informaci\u00f3n, propia ou de terceiros, contida neste sitio web.<\/p>\n<p>Os usuarios que desexen solicitar informaci\u00f3n a trav\u00e9s da presente p\u00e1xina web deber\u00e1n ler e aceptar o disposto no presente aviso legal.<\/p>\n<p>\u00a0<\/p>\n<h2><strong>Tribunal Competente e Lei aplicable<\/strong><\/h2>\n<p>Ante calquera discrepancia xurdida polos produtos e servizos que ofrece o propietario, ter\u00e1n competencia os Xulgados e Tribunais da cidade da Coru\u00f1a, a condici\u00f3n de que estea permitida esta submisi\u00f3n expresa, salvo que corresponda outro foro pola condici\u00f3n de consumidor da persoa usuaria.[\/vc_column_text][\/vc_column][\/vc_row]<\/p>\n","protected":false},"excerpt":{"rendered":"<p>[vc_row full_width=\u201dstretch_row\u201d row_style=\u201dbg-dark\u201d][vc_column][vc_column_text] Aviso Legal [\/vc_column_text][\/vc_column][\/vc_row][vc_row full_width=\u201dstretch_row\u201d][vc_column][vc_column_text]Ingenyus Marketing Inteligente S.L. como responsable deste sitio web, pon ao dispor dos usuarios o presente documento co que pretende dar cumprimento \u00e1s obrigaci\u00f3ns dispostas na Lei 34\/2002, de Servizos da Sociedade da Informaci\u00f3n (LSSI), en particular, conforme ao disposto no seu artigo 10, este sitio web ofrece aos [&hellip;]<\/p>\n","protected":false},"author":1,"featured_media":0,"parent":0,"menu_order":0,"comment_status":"closed","ping_status":"open","template":"","meta":{"footnotes":"","_links_to":"","_links_to_target":""},"class_list":["post-4981","page","type-page","status-publish","hentry"],"yoast_head":"<!-- This site is optimized with the Yoast SEO plugin v27.5 - https:\/\/yoast.com\/product\/yoast-seo-wordpress\/ -->\n<title>Aviso Legal | ingenyus*<\/title>\n<meta name=\"description\" content=\"En ingenyus* encontrar\u00e1s un equipo con perf\u00eds especializados en m\u00e1rketing e comunicaci\u00f3n de ciencia, tecnolox\u00eda e innovaci\u00f3n.\" \/>\n<meta name=\"robots\" content=\"noindex, nofollow\" \/>\n<meta property=\"og:locale\" content=\"gl_ES\" \/>\n<meta property=\"og:type\" content=\"article\" \/>\n<meta property=\"og:title\" content=\"Aviso Legal | ingenyus*\" \/>\n<meta property=\"og:description\" content=\"En ingenyus* encontrar\u00e1s un equipo con perf\u00eds especializados en m\u00e1rketing e comunicaci\u00f3n de ciencia, tecnolox\u00eda e innovaci\u00f3n.\" \/>\n<meta property=\"og:url\" content=\"https:\/\/www.ingenyus.es\/gl\/aviso-legal\/\" \/>\n<meta property=\"og:site_name\" content=\"ingenyus*\" \/>\n<meta property=\"article:publisher\" content=\"https:\/\/www.facebook.com\/ingenyus\" \/>\n<meta property=\"article:modified_time\" content=\"2026-01-19T14:16:04+00:00\" \/>\n<meta property=\"og:image\" content=\"https:\/\/www.ingenyus.es\/wp-content\/uploads\/2025\/02\/SEO-in-horizontal.jpg\" \/>\n\t<meta property=\"og:image:width\" content=\"800\" \/>\n\t<meta property=\"og:image:height\" content=\"450\" \/>\n\t<meta property=\"og:image:type\" content=\"image\/jpeg\" \/>\n<meta name=\"twitter:card\" content=\"summary_large_image\" \/>\n<meta name=\"twitter:site\" content=\"@ingenyus_es\" \/>\n<meta name=\"twitter:label1\" content=\"Tempo de lectura\" \/>\n\t<meta name=\"twitter:data1\" content=\"4 minutos\" \/>\n<script type=\"application\/ld+json\" class=\"yoast-schema-graph\">{\"@context\":\"https:\\\/\\\/schema.org\",\"@graph\":[{\"@type\":\"WebPage\",\"@id\":\"https:\\\/\\\/www.ingenyus.es\\\/gl\\\/aviso-legal\\\/\",\"url\":\"https:\\\/\\\/www.ingenyus.es\\\/gl\\\/aviso-legal\\\/\",\"name\":\"Aviso Legal | ingenyus*\",\"isPartOf\":{\"@id\":\"https:\\\/\\\/www.ingenyus.es\\\/#website\"},\"datePublished\":\"2022-04-27T14:05:42+00:00\",\"dateModified\":\"2026-01-19T14:16:04+00:00\",\"description\":\"En ingenyus* encontrar\u00e1s un equipo con perf\u00eds especializados en m\u00e1rketing e comunicaci\u00f3n de ciencia, tecnolox\u00eda e innovaci\u00f3n.\",\"breadcrumb\":{\"@id\":\"https:\\\/\\\/www.ingenyus.es\\\/gl\\\/aviso-legal\\\/#breadcrumb\"},\"inLanguage\":\"gl-ES\",\"potentialAction\":[{\"@type\":\"ReadAction\",\"target\":[\"https:\\\/\\\/www.ingenyus.es\\\/gl\\\/aviso-legal\\\/\"]}]},{\"@type\":\"BreadcrumbList\",\"@id\":\"https:\\\/\\\/www.ingenyus.es\\\/gl\\\/aviso-legal\\\/#breadcrumb\",\"itemListElement\":[{\"@type\":\"ListItem\",\"position\":1,\"name\":\"Home\",\"item\":\"https:\\\/\\\/www.ingenyus.es\\\/gl\\\/\"},{\"@type\":\"ListItem\",\"position\":2,\"name\":\"Aviso Legal\"}]},{\"@type\":\"WebSite\",\"@id\":\"https:\\\/\\\/www.ingenyus.es\\\/#website\",\"url\":\"https:\\\/\\\/www.ingenyus.es\\\/\",\"name\":\"ingenyus*\",\"description\":\"unnusual agency\",\"publisher\":{\"@id\":\"https:\\\/\\\/www.ingenyus.es\\\/#organization\"},\"potentialAction\":[{\"@type\":\"SearchAction\",\"target\":{\"@type\":\"EntryPoint\",\"urlTemplate\":\"https:\\\/\\\/www.ingenyus.es\\\/?s={search_term_string}\"},\"query-input\":{\"@type\":\"PropertyValueSpecification\",\"valueRequired\":true,\"valueName\":\"search_term_string\"}}],\"inLanguage\":\"gl-ES\"},{\"@type\":\"Organization\",\"@id\":\"https:\\\/\\\/www.ingenyus.es\\\/#organization\",\"name\":\"ingenyus*\",\"url\":\"https:\\\/\\\/www.ingenyus.es\\\/\",\"logo\":{\"@type\":\"ImageObject\",\"inLanguage\":\"gl-ES\",\"@id\":\"https:\\\/\\\/www.ingenyus.es\\\/#\\\/schema\\\/logo\\\/image\\\/\",\"url\":\"https:\\\/\\\/www.ingenyus.es\\\/wp-content\\\/uploads\\\/2025\\\/01\\\/in_Profile_asterisco.png\",\"contentUrl\":\"https:\\\/\\\/www.ingenyus.es\\\/wp-content\\\/uploads\\\/2025\\\/01\\\/in_Profile_asterisco.png\",\"width\":243,\"height\":203,\"caption\":\"ingenyus*\"},\"image\":{\"@id\":\"https:\\\/\\\/www.ingenyus.es\\\/#\\\/schema\\\/logo\\\/image\\\/\"},\"sameAs\":[\"https:\\\/\\\/www.facebook.com\\\/ingenyus\",\"https:\\\/\\\/x.com\\\/ingenyus_es\"]}]}<\/script>\n<!-- \/ Yoast SEO plugin. -->","yoast_head_json":{"title":"Aviso Legal | ingenyus*","description":"En ingenyus* encontrar\u00e1s un equipo con perf\u00eds especializados en m\u00e1rketing e comunicaci\u00f3n de ciencia, tecnolox\u00eda e innovaci\u00f3n.","robots":{"index":"noindex","follow":"nofollow"},"og_locale":"gl_ES","og_type":"article","og_title":"Aviso Legal | ingenyus*","og_description":"En ingenyus* encontrar\u00e1s un equipo con perf\u00eds especializados en m\u00e1rketing e comunicaci\u00f3n de ciencia, tecnolox\u00eda e innovaci\u00f3n.","og_url":"https:\/\/www.ingenyus.es\/gl\/aviso-legal\/","og_site_name":"ingenyus*","article_publisher":"https:\/\/www.facebook.com\/ingenyus","article_modified_time":"2026-01-19T14:16:04+00:00","og_image":[{"width":800,"height":450,"url":"https:\/\/www.ingenyus.es\/wp-content\/uploads\/2025\/02\/SEO-in-horizontal.jpg","type":"image\/jpeg"}],"twitter_card":"summary_large_image","twitter_site":"@ingenyus_es","twitter_misc":{"Tempo de lectura":"4 minutos"},"schema":{"@context":"https:\/\/schema.org","@graph":[{"@type":"WebPage","@id":"https:\/\/www.ingenyus.es\/gl\/aviso-legal\/","url":"https:\/\/www.ingenyus.es\/gl\/aviso-legal\/","name":"Aviso Legal | ingenyus*","isPartOf":{"@id":"https:\/\/www.ingenyus.es\/#website"},"datePublished":"2022-04-27T14:05:42+00:00","dateModified":"2026-01-19T14:16:04+00:00","description":"En ingenyus* encontrar\u00e1s un equipo con perf\u00eds especializados en m\u00e1rketing e comunicaci\u00f3n de ciencia, tecnolox\u00eda e innovaci\u00f3n.","breadcrumb":{"@id":"https:\/\/www.ingenyus.es\/gl\/aviso-legal\/#breadcrumb"},"inLanguage":"gl-ES","potentialAction":[{"@type":"ReadAction","target":["https:\/\/www.ingenyus.es\/gl\/aviso-legal\/"]}]},{"@type":"BreadcrumbList","@id":"https:\/\/www.ingenyus.es\/gl\/aviso-legal\/#breadcrumb","itemListElement":[{"@type":"ListItem","position":1,"name":"Home","item":"https:\/\/www.ingenyus.es\/gl\/"},{"@type":"ListItem","position":2,"name":"Aviso Legal"}]},{"@type":"WebSite","@id":"https:\/\/www.ingenyus.es\/#website","url":"https:\/\/www.ingenyus.es\/","name":"ingenyus*","description":"unnusual agency","publisher":{"@id":"https:\/\/www.ingenyus.es\/#organization"},"potentialAction":[{"@type":"SearchAction","target":{"@type":"EntryPoint","urlTemplate":"https:\/\/www.ingenyus.es\/?s={search_term_string}"},"query-input":{"@type":"PropertyValueSpecification","valueRequired":true,"valueName":"search_term_string"}}],"inLanguage":"gl-ES"},{"@type":"Organization","@id":"https:\/\/www.ingenyus.es\/#organization","name":"ingenyus*","url":"https:\/\/www.ingenyus.es\/","logo":{"@type":"ImageObject","inLanguage":"gl-ES","@id":"https:\/\/www.ingenyus.es\/#\/schema\/logo\/image\/","url":"https:\/\/www.ingenyus.es\/wp-content\/uploads\/2025\/01\/in_Profile_asterisco.png","contentUrl":"https:\/\/www.ingenyus.es\/wp-content\/uploads\/2025\/01\/in_Profile_asterisco.png","width":243,"height":203,"caption":"ingenyus*"},"image":{"@id":"https:\/\/www.ingenyus.es\/#\/schema\/logo\/image\/"},"sameAs":["https:\/\/www.facebook.com\/ingenyus","https:\/\/x.com\/ingenyus_es"]}]}},"_links":{"self":[{"href":"https:\/\/www.ingenyus.es\/gl\/wp-json\/wp\/v2\/pages\/4981","targetHints":{"allow":["GET"]}}],"collection":[{"href":"https:\/\/www.ingenyus.es\/gl\/wp-json\/wp\/v2\/pages"}],"about":[{"href":"https:\/\/www.ingenyus.es\/gl\/wp-json\/wp\/v2\/types\/page"}],"author":[{"embeddable":true,"href":"https:\/\/www.ingenyus.es\/gl\/wp-json\/wp\/v2\/users\/1"}],"replies":[{"embeddable":true,"href":"https:\/\/www.ingenyus.es\/gl\/wp-json\/wp\/v2\/comments?post=4981"}],"version-history":[{"count":3,"href":"https:\/\/www.ingenyus.es\/gl\/wp-json\/wp\/v2\/pages\/4981\/revisions"}],"predecessor-version":[{"id":5946,"href":"https:\/\/www.ingenyus.es\/gl\/wp-json\/wp\/v2\/pages\/4981\/revisions\/5946"}],"wp:attachment":[{"href":"https:\/\/www.ingenyus.es\/gl\/wp-json\/wp\/v2\/media?parent=4981"}],"curies":[{"name":"wp","href":"https:\/\/api.w.org\/{rel}","templated":true}]}}