{"id":4997,"date":"2022-04-27T16:05:26","date_gmt":"2022-04-27T14:05:26","guid":{"rendered":"https:\/\/www.ingenyus.es\/politica-cookies\/"},"modified":"2026-01-19T15:15:34","modified_gmt":"2026-01-19T14:15:34","slug":"politica-cookies","status":"publish","type":"page","link":"https:\/\/www.ingenyus.es\/gl\/politica-cookies\/","title":{"rendered":"Pol\u00edtica de cookies"},"content":{"rendered":"<p>[vc_row full_width=\u201dstretch_row\u201d row_style=\u201dbg-dark\u201d][vc_column][vc_column_text]<\/p>\r\n<h1>Pol\u00edtica de cookies<\/h1>\r\n<p>[\/vc_column_text][\/vc_column][\/vc_row][vc_row full_width=\u201dstretch_row\u201d][vc_column][vc_column_text]<\/p>\r\n<h2 class=\"wp-block-heading\">Que son as cookies?<\/h2>\r\n<p>As cookies son arquivos almacenados polas p\u00e1xinas web nos navegadores do usuario, os cales conte\u00f1en datos de sesi\u00f3n que poden ser de utilidade m\u00e1is adiante na mesma p\u00e1xina web. Estes datos, que se gardan nas cookies, permiten manter a informaci\u00f3n de navegaci\u00f3n entre as diferentes p\u00e1xinas do sitio web, \u00e1 vez que analizan a forma de interactuar con este, de maneira que pode identificarse unha preferencia de usuario.<\/p>\r\n<p>\u00a0<\/p>\r\n<h2>Descrici\u00f3n das cookies<\/h2>\r\n<p><strong data-start=\"564\" data-end=\"585\">Cookies t\u00e9cnicas:<\/strong> Son aquelas que permiten ao usuario a navegaci\u00f3n a trav\u00e9s dunha p\u00e1xina web, plataforma ou aplicaci\u00f3n e a utilizaci\u00f3n das diferentes opci\u00f3ns ou servizos que nela existan como, por exemplo, controlar o tr\u00e1fico e a comunicaci\u00f3n de datos, identificar a sesi\u00f3n, acceder a partes de acceso restrinxido, lembrar os elementos que integran un pedido, realizar o proceso de compra dun pedido, utilizar elementos de seguridade durante a navegaci\u00f3n ou compartir contidos a trav\u00e9s de redes sociais.<\/p>\r\n<p data-start=\"1073\" data-end=\"1428\"><strong data-start=\"1073\" data-end=\"1104\">Cookies de personalizaci\u00f3n:<\/strong> Son aquelas que permiten ao usuario acceder ao servizo con algunhas caracter\u00edsticas de car\u00e1cter xeral predefinidas en funci\u00f3n dunha serie de criterios no terminal do usuario, como por exemplo ser\u00edan o idioma, o tipo de navegador a trav\u00e9s do cal accede ao servizo, a configuraci\u00f3n rexional desde onde accede ao servizo, etc.<\/p>\r\n<p data-start=\"1430\" data-end=\"1729\"><strong data-start=\"1430\" data-end=\"1452\">Cookies de sesi\u00f3n:<\/strong> Son cookies temporais que permanecen no arquivo de cookies do navegador ata que se abandona a p\u00e1xina web. Adoitan empregarse para analizar pautas de tr\u00e1fico na web. A longo prazo, isto permite proporcionar unha mellor experiencia para mellorar o contido e facilitar o seu uso.<\/p>\r\n<p data-start=\"1731\" data-end=\"2086\"><strong data-start=\"1731\" data-end=\"1754\">Cookies de an\u00e1lise:<\/strong> Son aquelas que, ben tratadas por n\u00f3s ou por terceiros, nos permiten cuantificar o n\u00famero de usuarios e as\u00ed realizar a medici\u00f3n e an\u00e1lise estat\u00edstica da utilizaci\u00f3n que fan os usuarios do servizo ofertado. Para iso anal\u00edzase a s\u00faa navegaci\u00f3n na nosa p\u00e1xina web co fin de mellorar a oferta de produtos ou servizos que lle ofrecemos.<\/p>\r\n<p>\u00a0<\/p>\r\n<h2>Que cookies utilizamos neste sitio web?<\/h2>\r\n<div class=\"table-responsive\">\r\n<div class=\"cky-audit-table-element\">\u00a0<\/div>\r\n<\/div>\r\n<h2>Como deshabilitar as cookies?<\/h2>\r\n<p><a class=\"cky-banner-element\">Personalizar Cookies<\/a><\/p>\r\n<ul>\r\n<li><a href=\"https:\/\/support.microsoft.com\/es-es\/topic\/c%C3%B3mo-eliminar-archivos-de-cookies-en-internet-explorer-bca9446f-d873-78de-77ba-d42645fa52fc\">Internet Explorer<\/a><\/li>\r\n<li><a href=\"https:\/\/support.mozilla.org\/es\/kb\/habilitar-y-deshabilitar-cookies-sitios-web-rastrear-preferencias\">Mozilla Firefox<\/a><\/li>\r\n<li><a href=\"https:\/\/support.google.com\/chrome\/answer\/95647?hl=es\">Google Chrome<\/a><\/li>\r\n<li><a href=\"https:\/\/support.apple.com\/es-es\/guide\/safari\/sfri11471\/mac\">Safari<\/a><\/li>\r\n<li><a href=\"https:\/\/help.opera.com\/en\/latest\/security-and-privacy\/\">Opera<\/a><\/li>\r\n<\/ul>\r\n<p>[\/vc_column_text][\/vc_column][\/vc_row]<\/p>","protected":false},"excerpt":{"rendered":"<p>[vc_row full_width=\u201dstretch_row\u201d row_style=\u201dbg-dark\u201d][vc_column][vc_column_text] Pol\u00edtica de cookies [\/vc_column_text][\/vc_column][\/vc_row][vc_row full_width=\u201dstretch_row\u201d][vc_column][vc_column_text] Que son as cookies? As cookies son arquivos almacenados polas p\u00e1xinas web nos navegadores do usuario, os cales conte\u00f1en datos de sesi\u00f3n que poden ser de utilidade m\u00e1is adiante na mesma p\u00e1xina web. Estes datos, que se gardan nas cookies, permiten manter a informaci\u00f3n de navegaci\u00f3n entre [&hellip;]<\/p>\n","protected":false},"author":1,"featured_media":0,"parent":0,"menu_order":0,"comment_status":"closed","ping_status":"closed","template":"","meta":{"footnotes":"","_links_to":"","_links_to_target":""},"class_list":["post-4997","page","type-page","status-publish","hentry"],"yoast_head":"<!-- This site is optimized with the Yoast SEO plugin v27.5 - https:\/\/yoast.com\/product\/yoast-seo-wordpress\/ -->\n<title>Pol\u00edtica de cookies | ingenyus*<\/title>\n<meta name=\"description\" content=\"En ingenyus* encontrar\u00e1s un equipo con perf\u00eds especializados en m\u00e1rketing e comunicaci\u00f3n de ciencia, tecnolox\u00eda e innovaci\u00f3n.\" \/>\n<meta name=\"robots\" content=\"noindex, nofollow\" \/>\n<meta property=\"og:locale\" content=\"gl_ES\" \/>\n<meta property=\"og:type\" content=\"article\" \/>\n<meta property=\"og:title\" content=\"Pol\u00edtica de cookies | ingenyus*\" \/>\n<meta property=\"og:description\" content=\"En ingenyus* encontrar\u00e1s un equipo con perf\u00eds especializados en m\u00e1rketing e comunicaci\u00f3n de ciencia, tecnolox\u00eda e innovaci\u00f3n.\" \/>\n<meta property=\"og:url\" content=\"https:\/\/www.ingenyus.es\/gl\/politica-cookies\/\" \/>\n<meta property=\"og:site_name\" content=\"ingenyus*\" \/>\n<meta property=\"article:publisher\" content=\"https:\/\/www.facebook.com\/ingenyus\" \/>\n<meta property=\"article:modified_time\" content=\"2026-01-19T14:15:34+00:00\" \/>\n<meta property=\"og:image\" content=\"https:\/\/www.ingenyus.es\/wp-content\/uploads\/2025\/02\/SEO-in-horizontal.jpg\" \/>\n\t<meta property=\"og:image:width\" content=\"800\" \/>\n\t<meta property=\"og:image:height\" content=\"450\" \/>\n\t<meta property=\"og:image:type\" content=\"image\/jpeg\" \/>\n<meta name=\"twitter:card\" content=\"summary_large_image\" \/>\n<meta name=\"twitter:site\" content=\"@ingenyus_es\" \/>\n<meta name=\"twitter:label1\" content=\"Tempo de lectura\" \/>\n\t<meta name=\"twitter:data1\" content=\"2 minutos\" \/>\n<script type=\"application\/ld+json\" class=\"yoast-schema-graph\">{\"@context\":\"https:\\\/\\\/schema.org\",\"@graph\":[{\"@type\":\"WebPage\",\"@id\":\"https:\\\/\\\/www.ingenyus.es\\\/gl\\\/politica-cookies\\\/\",\"url\":\"https:\\\/\\\/www.ingenyus.es\\\/gl\\\/politica-cookies\\\/\",\"name\":\"Pol\u00edtica de cookies | ingenyus*\",\"isPartOf\":{\"@id\":\"https:\\\/\\\/www.ingenyus.es\\\/#website\"},\"datePublished\":\"2022-04-27T14:05:26+00:00\",\"dateModified\":\"2026-01-19T14:15:34+00:00\",\"description\":\"En ingenyus* encontrar\u00e1s un equipo con perf\u00eds especializados en m\u00e1rketing e comunicaci\u00f3n de ciencia, tecnolox\u00eda e innovaci\u00f3n.\",\"breadcrumb\":{\"@id\":\"https:\\\/\\\/www.ingenyus.es\\\/gl\\\/politica-cookies\\\/#breadcrumb\"},\"inLanguage\":\"gl-ES\",\"potentialAction\":[{\"@type\":\"ReadAction\",\"target\":[\"https:\\\/\\\/www.ingenyus.es\\\/gl\\\/politica-cookies\\\/\"]}]},{\"@type\":\"BreadcrumbList\",\"@id\":\"https:\\\/\\\/www.ingenyus.es\\\/gl\\\/politica-cookies\\\/#breadcrumb\",\"itemListElement\":[{\"@type\":\"ListItem\",\"position\":1,\"name\":\"Home\",\"item\":\"https:\\\/\\\/www.ingenyus.es\\\/gl\\\/\"},{\"@type\":\"ListItem\",\"position\":2,\"name\":\"Pol\u00edtica de cookies\"}]},{\"@type\":\"WebSite\",\"@id\":\"https:\\\/\\\/www.ingenyus.es\\\/#website\",\"url\":\"https:\\\/\\\/www.ingenyus.es\\\/\",\"name\":\"ingenyus*\",\"description\":\"unnusual agency\",\"publisher\":{\"@id\":\"https:\\\/\\\/www.ingenyus.es\\\/#organization\"},\"potentialAction\":[{\"@type\":\"SearchAction\",\"target\":{\"@type\":\"EntryPoint\",\"urlTemplate\":\"https:\\\/\\\/www.ingenyus.es\\\/?s={search_term_string}\"},\"query-input\":{\"@type\":\"PropertyValueSpecification\",\"valueRequired\":true,\"valueName\":\"search_term_string\"}}],\"inLanguage\":\"gl-ES\"},{\"@type\":\"Organization\",\"@id\":\"https:\\\/\\\/www.ingenyus.es\\\/#organization\",\"name\":\"ingenyus*\",\"url\":\"https:\\\/\\\/www.ingenyus.es\\\/\",\"logo\":{\"@type\":\"ImageObject\",\"inLanguage\":\"gl-ES\",\"@id\":\"https:\\\/\\\/www.ingenyus.es\\\/#\\\/schema\\\/logo\\\/image\\\/\",\"url\":\"https:\\\/\\\/www.ingenyus.es\\\/wp-content\\\/uploads\\\/2025\\\/01\\\/in_Profile_asterisco.png\",\"contentUrl\":\"https:\\\/\\\/www.ingenyus.es\\\/wp-content\\\/uploads\\\/2025\\\/01\\\/in_Profile_asterisco.png\",\"width\":243,\"height\":203,\"caption\":\"ingenyus*\"},\"image\":{\"@id\":\"https:\\\/\\\/www.ingenyus.es\\\/#\\\/schema\\\/logo\\\/image\\\/\"},\"sameAs\":[\"https:\\\/\\\/www.facebook.com\\\/ingenyus\",\"https:\\\/\\\/x.com\\\/ingenyus_es\"]}]}<\/script>\n<!-- \/ Yoast SEO plugin. -->","yoast_head_json":{"title":"Pol\u00edtica de cookies | ingenyus*","description":"En ingenyus* encontrar\u00e1s un equipo con perf\u00eds especializados en m\u00e1rketing e comunicaci\u00f3n de ciencia, tecnolox\u00eda e innovaci\u00f3n.","robots":{"index":"noindex","follow":"nofollow"},"og_locale":"gl_ES","og_type":"article","og_title":"Pol\u00edtica de cookies | ingenyus*","og_description":"En ingenyus* encontrar\u00e1s un equipo con perf\u00eds especializados en m\u00e1rketing e comunicaci\u00f3n de ciencia, tecnolox\u00eda e innovaci\u00f3n.","og_url":"https:\/\/www.ingenyus.es\/gl\/politica-cookies\/","og_site_name":"ingenyus*","article_publisher":"https:\/\/www.facebook.com\/ingenyus","article_modified_time":"2026-01-19T14:15:34+00:00","og_image":[{"width":800,"height":450,"url":"https:\/\/www.ingenyus.es\/wp-content\/uploads\/2025\/02\/SEO-in-horizontal.jpg","type":"image\/jpeg"}],"twitter_card":"summary_large_image","twitter_site":"@ingenyus_es","twitter_misc":{"Tempo de lectura":"2 minutos"},"schema":{"@context":"https:\/\/schema.org","@graph":[{"@type":"WebPage","@id":"https:\/\/www.ingenyus.es\/gl\/politica-cookies\/","url":"https:\/\/www.ingenyus.es\/gl\/politica-cookies\/","name":"Pol\u00edtica de cookies | ingenyus*","isPartOf":{"@id":"https:\/\/www.ingenyus.es\/#website"},"datePublished":"2022-04-27T14:05:26+00:00","dateModified":"2026-01-19T14:15:34+00:00","description":"En ingenyus* encontrar\u00e1s un equipo con perf\u00eds especializados en m\u00e1rketing e comunicaci\u00f3n de ciencia, tecnolox\u00eda e innovaci\u00f3n.","breadcrumb":{"@id":"https:\/\/www.ingenyus.es\/gl\/politica-cookies\/#breadcrumb"},"inLanguage":"gl-ES","potentialAction":[{"@type":"ReadAction","target":["https:\/\/www.ingenyus.es\/gl\/politica-cookies\/"]}]},{"@type":"BreadcrumbList","@id":"https:\/\/www.ingenyus.es\/gl\/politica-cookies\/#breadcrumb","itemListElement":[{"@type":"ListItem","position":1,"name":"Home","item":"https:\/\/www.ingenyus.es\/gl\/"},{"@type":"ListItem","position":2,"name":"Pol\u00edtica de cookies"}]},{"@type":"WebSite","@id":"https:\/\/www.ingenyus.es\/#website","url":"https:\/\/www.ingenyus.es\/","name":"ingenyus*","description":"unnusual agency","publisher":{"@id":"https:\/\/www.ingenyus.es\/#organization"},"potentialAction":[{"@type":"SearchAction","target":{"@type":"EntryPoint","urlTemplate":"https:\/\/www.ingenyus.es\/?s={search_term_string}"},"query-input":{"@type":"PropertyValueSpecification","valueRequired":true,"valueName":"search_term_string"}}],"inLanguage":"gl-ES"},{"@type":"Organization","@id":"https:\/\/www.ingenyus.es\/#organization","name":"ingenyus*","url":"https:\/\/www.ingenyus.es\/","logo":{"@type":"ImageObject","inLanguage":"gl-ES","@id":"https:\/\/www.ingenyus.es\/#\/schema\/logo\/image\/","url":"https:\/\/www.ingenyus.es\/wp-content\/uploads\/2025\/01\/in_Profile_asterisco.png","contentUrl":"https:\/\/www.ingenyus.es\/wp-content\/uploads\/2025\/01\/in_Profile_asterisco.png","width":243,"height":203,"caption":"ingenyus*"},"image":{"@id":"https:\/\/www.ingenyus.es\/#\/schema\/logo\/image\/"},"sameAs":["https:\/\/www.facebook.com\/ingenyus","https:\/\/x.com\/ingenyus_es"]}]}},"_links":{"self":[{"href":"https:\/\/www.ingenyus.es\/gl\/wp-json\/wp\/v2\/pages\/4997","targetHints":{"allow":["GET"]}}],"collection":[{"href":"https:\/\/www.ingenyus.es\/gl\/wp-json\/wp\/v2\/pages"}],"about":[{"href":"https:\/\/www.ingenyus.es\/gl\/wp-json\/wp\/v2\/types\/page"}],"author":[{"embeddable":true,"href":"https:\/\/www.ingenyus.es\/gl\/wp-json\/wp\/v2\/users\/1"}],"replies":[{"embeddable":true,"href":"https:\/\/www.ingenyus.es\/gl\/wp-json\/wp\/v2\/comments?post=4997"}],"version-history":[{"count":3,"href":"https:\/\/www.ingenyus.es\/gl\/wp-json\/wp\/v2\/pages\/4997\/revisions"}],"predecessor-version":[{"id":6349,"href":"https:\/\/www.ingenyus.es\/gl\/wp-json\/wp\/v2\/pages\/4997\/revisions\/6349"}],"wp:attachment":[{"href":"https:\/\/www.ingenyus.es\/gl\/wp-json\/wp\/v2\/media?parent=4997"}],"curies":[{"name":"wp","href":"https:\/\/api.w.org\/{rel}","templated":true}]}}