{"id":5038,"date":"2024-07-23T12:32:00","date_gmt":"2024-07-23T10:32:00","guid":{"rendered":"https:\/\/www.ingenyus.es\/beyond-the-lab-lugo\/"},"modified":"2026-01-19T15:23:56","modified_gmt":"2026-01-19T14:23:56","slug":"beyond-the-lab-lugo","status":"publish","type":"page","link":"https:\/\/www.ingenyus.es\/gl\/beyond-the-lab-lugo\/","title":{"rendered":"Innovation from the Roots &#8211; Lugo"},"content":{"rendered":"<p>[vc_row el_class=\u201dsection-top\u201d][vc_column width=\u201d1\/2\u2033][vc_column_text el_class=\u201dtitle\u201d]<\/p>\n<h1>Beyond<\/h1>\n<h1>the lab<\/h1>\n<p>[\/vc_column_text][vc_column_text el_class=\u201dsubtitle\u201d]<\/p>\n<h2>Innovation from the Roots<\/h2>\n<p>[\/vc_column_text][\/vc_column][vc_column width=\u201d1\/2\u2033 el_class=\u201dlogo-top\u201d][vc_single_image image=\u201d1524\u2033 img_size=\u201dfull\u201d onclick=\u201dcustom_link\u201d link=\u201dhttp:\/\/ingenyus.es\u201d el_class=\u201dlogo-ingenyus\u201d][\/vc_column][\/vc_row][vc_row el_class=\u201dsection-bot\u201d][vc_column width=\u201d1\/4\u2033 el_class=\u201ddata\u201d][vc_column_text el_class=\u201ddate\u201d]19 SETEMBRO \u201924[\/vc_column_text][vc_column_text el_class=\u201dhour\u201d]<span class=\"ui-provider bkw bkx gl bky bkz bla blb blc bld ble blf blg blh bli blj blk bll blm bln blo blp blq blr bls blt blu blv blw blx bly blz bma bmb bmc bmd\" dir=\"ltr\">19.00 a 20.30h<\/span>[\/vc_column_text][vc_empty_space][vc_single_image image=\u201d3879\u2033][vc_empty_space height=\u201d16px\u201d][vc_column_text el_class=\u201dadress\u201d]APLTA \u2013 Aula de Productos L\u00e1cteos e Tecnolox\u00edas Alimentarias<\/p>\n<p>R\u00faa Montir\u00f3n, 150, 27002 Lugo[\/vc_column_text][vc_empty_space][vc_column_text el_class=\u201dinfo\u201d]Innovaci\u00f3n e emprendemento desde as ra\u00edces: charlas, mesas redondas, algunha sorpresa e picoteo[\/vc_column_text][vc_column_text css=\u201d.vc_custom_1722271151592{margin-top: 30px !important;}\u201d]<\/p>\n<p style=\"text-align: left;\"><a id=\"soluciones2\" class=\"btn btn-default\" href=\"https:\/\/www.eventbrite.es\/e\/entradas-beyond-the-lab-innovation-from-the-roots-965177089657?aff=oddtdtcreator\" target=\"_blank\" rel=\"noopener\">Inscr\u00edbete<\/a><\/p>\n<p>[\/vc_column_text][\/vc_column][vc_column width=\u201d3\/4\u2033 el_class=\u201dteam\u201d][vc_row_inner][vc_column_inner el_class=\u201dinfo\u201d][vc_column_text]Que significa \u00abinnovar desde as ra\u00edces\u00bb? Desenvolver novas tecnolox\u00edas a partir de elementos naturais? Ao noso parecer, \u00e9 algo que vai moito m\u00e1is al\u00e1: innovar desde as ra\u00edces \u00e9 <strong>conectar a ciencia coa natureza para crear soluci\u00f3ns sostibles<\/strong>.<\/p>\n<p>Acomp\u00e1\u00f1anos neste evento \u00edntimo no que poder\u00e1s co\u00f1ecer de cerca a realidade de cient\u00edficos e investigadores m\u00e1is al\u00f3 do laboratorio e como integran a natureza nas s\u00faas innovaci\u00f3ns. Os seus \u00e9xitos e fracasos, as s\u00faas preocupaci\u00f3ns e as oportunidades que atoparon na s\u00faa traxectoria.<\/p>\n<p><strong>Esper\u00e1moste!<\/strong>[\/vc_column_text][vc_column_text el_class=\u201dhour\u201d]<\/p>\n<blockquote><p><strong>Inscr\u00edbete a trav\u00e9s de <a class=\"link-beyond\" href=\"https:\/\/www.eventbrite.es\/e\/entradas-beyond-the-lab-innovation-from-the-roots-965177089657?aff=oddtdtcreator\" target=\"_blank\" rel=\"noopener\">Evenbrite<\/a><\/strong><\/p><\/blockquote>\n<p>[\/vc_column_text][\/vc_column_inner][\/vc_row_inner][vc_row_inner el_class=\u201dteam-elements-desktop\u201d][vc_column_inner width=\u201d1\/5\u2033][vc_single_image image=\u201d3815\u2033 img_size=\u201dfull\u201d alignment=\u201dcenter\u201d][vc_column_text el_class=\u201dimg-info\u201d]<span class=\"name\">Marcos Engroba<\/span><br \/>\n<span class=\"position\">CMO<\/span><br \/>\n<span class=\"company\">AMSlab<\/span>[\/vc_column_text][\/vc_column_inner][vc_column_inner width=\u201d1\/5\u2033][vc_single_image image=\u201d3817\u2033 img_size=\u201dfull\u201d alignment=\u201dcenter\u201d][vc_column_text el_class=\u201dimg-info\u201d]<span class=\"name\">Patricia L\u00f3pez<\/span><br \/>\n<span class=\"position\">Investigadora Cient\u00edfica do IIM-CSIC. Dept. Tecnolox\u00eda de Alimentos<\/span><br \/>\n<span class=\"company\">APLTA<\/span>[\/vc_column_text][\/vc_column_inner][vc_column_inner width=\u201d1\/5\u2033][vc_single_image image=\u201d3819\u2033 img_size=\u201dfull\u201d alignment=\u201dcenter\u201d][vc_column_text el_class=\u201dimg-info\u201d]<span class=\"name\">V\u00edctor Lama<\/span><br \/>\n<span class=\"position\">Co-Founder<\/span><br \/>\n<span class=\"company\">ENZICAS<\/span>[\/vc_column_text][\/vc_column_inner][vc_column_inner el_class=\u201dhidden\u201d width=\u201d2\/5\u2033]\n<div class=\"wpcf7 no-js\" id=\"wpcf7-f3659-o1\" lang=\"es-ES\" dir=\"ltr\" data-wpcf7-id=\"3659\">\n<div class=\"screen-reader-response\"><p role=\"status\" aria-live=\"polite\" aria-atomic=\"true\"><\/p> <ul><\/ul><\/div>\n<form action=\"\/gl\/wp-json\/wp\/v2\/pages\/5038#wpcf7-f3659-o1\" method=\"post\" class=\"wpcf7-form init e7d0c6e54578 cmatic-conn cmatic-aud-1 cmatic-mapd0-0 cmatic-v097803 cmatic-sent-0 cmatic-total-29\" aria-label=\"Formulario de contacto\" novalidate=\"novalidate\" data-status=\"init\">\n<fieldset class=\"hidden-fields-container\"><input type=\"hidden\" name=\"_wpcf7\" value=\"3659\" \/><input type=\"hidden\" name=\"_wpcf7_version\" value=\"6.1.5\" \/><input type=\"hidden\" name=\"_wpcf7_locale\" value=\"es_ES\" \/><input type=\"hidden\" name=\"_wpcf7_unit_tag\" value=\"wpcf7-f3659-o1\" \/><input type=\"hidden\" name=\"_wpcf7_container_post\" value=\"0\" \/><input type=\"hidden\" name=\"_wpcf7_posted_data_hash\" value=\"\" \/><input type=\"hidden\" name=\"_wpcf7cf_hidden_group_fields\" value=\"[]\" \/><input type=\"hidden\" name=\"_wpcf7cf_hidden_groups\" value=\"[]\" \/><input type=\"hidden\" name=\"_wpcf7cf_visible_groups\" value=\"[]\" \/><input type=\"hidden\" name=\"_wpcf7cf_repeaters\" value=\"[]\" \/><input type=\"hidden\" name=\"_wpcf7cf_steps\" value=\"{}\" \/><input type=\"hidden\" name=\"_wpcf7cf_options\" value=\"{&quot;form_id&quot;:3659,&quot;conditions&quot;:[],&quot;settings&quot;:{&quot;animation&quot;:&quot;yes&quot;,&quot;animation_intime&quot;:200,&quot;animation_outtime&quot;:200,&quot;conditions_ui&quot;:&quot;normal&quot;,&quot;notice_dismissed&quot;:false}}\" \/><input type=\"hidden\" name=\"_wpcf7_recaptcha_response\" value=\"\" \/>\n<\/fieldset>\n<p><span class=\"wpcf7-form-control-wrap\" data-name=\"your-name\"><input size=\"40\" maxlength=\"400\" class=\"wpcf7-form-control wpcf7-text wpcf7-validates-as-required\" aria-required=\"true\" aria-invalid=\"false\" placeholder=\"Nombre*\" value=\"\" type=\"text\" name=\"your-name\" \/><\/span>\n<\/p>\n<p><span class=\"wpcf7-form-control-wrap\" data-name=\"surname\"><input size=\"40\" maxlength=\"400\" class=\"wpcf7-form-control wpcf7-text wpcf7-validates-as-required\" aria-required=\"true\" aria-invalid=\"false\" placeholder=\"Apellido*\" value=\"\" type=\"text\" name=\"surname\" \/><\/span>\n<\/p>\n<p><span class=\"wpcf7-form-control-wrap\" data-name=\"your-email\"><input size=\"40\" maxlength=\"400\" class=\"wpcf7-form-control wpcf7-email wpcf7-validates-as-required wpcf7-text wpcf7-validates-as-email\" aria-required=\"true\" aria-invalid=\"false\" placeholder=\"Email*\" value=\"\" type=\"email\" name=\"your-email\" \/><\/span>\n<\/p>\n<p><span class=\"wpcf7-form-control-wrap\" data-name=\"tel\"><input size=\"40\" maxlength=\"400\" class=\"wpcf7-form-control wpcf7-tel wpcf7-validates-as-required wpcf7-text wpcf7-validates-as-tel\" aria-required=\"true\" aria-invalid=\"false\" placeholder=\"Tel\u00e9fono*\" value=\"\" type=\"tel\" name=\"tel\" \/><\/span>\n<\/p>\n<p><input class=\"wpcf7-form-control wpcf7-submit has-spinner\" type=\"submit\" value=\"Enviar\" \/>\n<\/p><div class=\"wpcf7-response-output\" aria-hidden=\"true\"><\/div>\n<\/form>\n<\/div>\n[\/vc_column_inner][\/vc_row_inner][vc_row_inner el_class=\u201dteam-elements-mobile\u201d][vc_column_inner width=\u201d1\/5\u2033][vc_single_image image=\u201d3826\u2033 img_size=\u201dfull\u201d alignment=\u201dcenter\u201d][vc_column_text el_class=\u201dimg-info\u201d]<span class=\"name\">Marcos Engroba<\/span><br \/>\n<span class=\"position\">CMO<\/span><br \/>\n<span class=\"company\">AMSlab<\/span>[\/vc_column_text][\/vc_column_inner][vc_column_inner width=\u201d1\/5\u2033][vc_single_image image=\u201d3822\u2033 img_size=\u201dfull\u201d alignment=\u201dcenter\u201d][vc_column_text el_class=\u201dimg-info\u201d]<span class=\"name\">Patricia L\u00f3pez<\/span><br \/>\n<span class=\"position\">Investigadora Cient\u00edfica del IIM-CSIC. Dept. Tecnolog\u00eda de alimentos<\/span><br \/>\n<span class=\"company\">APLTA<\/span>[\/vc_column_text][\/vc_column_inner][vc_column_inner width=\u201d1\/5\u2033][vc_single_image image=\u201d3824\u2033 img_size=\u201dfull\u201d alignment=\u201dcenter\u201d][vc_column_text el_class=\u201dimg-info\u201d]<span class=\"name\">V\u00edctor Lama<\/span><br \/>\n<span class=\"position\">Co-Founder<\/span><br \/>\n<span class=\"company\">ENZICAS<\/span>[\/vc_column_text][\/vc_column_inner][vc_column_inner el_class=\u201dhidden\u201d width=\u201d2\/5\u2033]\n<div class=\"wpcf7 no-js\" id=\"wpcf7-f3659-o2\" lang=\"es-ES\" dir=\"ltr\" data-wpcf7-id=\"3659\">\n<div class=\"screen-reader-response\"><p role=\"status\" aria-live=\"polite\" aria-atomic=\"true\"><\/p> <ul><\/ul><\/div>\n<form action=\"\/gl\/wp-json\/wp\/v2\/pages\/5038#wpcf7-f3659-o2\" method=\"post\" class=\"wpcf7-form init e7d0c6e54578 cmatic-conn cmatic-aud-1 cmatic-mapd0-0 cmatic-v097803 cmatic-sent-0 cmatic-total-29\" aria-label=\"Formulario de contacto\" novalidate=\"novalidate\" data-status=\"init\">\n<fieldset class=\"hidden-fields-container\"><input type=\"hidden\" name=\"_wpcf7\" value=\"3659\" \/><input type=\"hidden\" name=\"_wpcf7_version\" value=\"6.1.5\" \/><input type=\"hidden\" name=\"_wpcf7_locale\" value=\"es_ES\" \/><input type=\"hidden\" name=\"_wpcf7_unit_tag\" value=\"wpcf7-f3659-o2\" \/><input type=\"hidden\" name=\"_wpcf7_container_post\" value=\"0\" \/><input type=\"hidden\" name=\"_wpcf7_posted_data_hash\" value=\"\" \/><input type=\"hidden\" name=\"_wpcf7cf_hidden_group_fields\" value=\"[]\" \/><input type=\"hidden\" name=\"_wpcf7cf_hidden_groups\" value=\"[]\" \/><input type=\"hidden\" name=\"_wpcf7cf_visible_groups\" value=\"[]\" \/><input type=\"hidden\" name=\"_wpcf7cf_repeaters\" value=\"[]\" \/><input type=\"hidden\" name=\"_wpcf7cf_steps\" value=\"{}\" \/><input type=\"hidden\" name=\"_wpcf7cf_options\" value=\"{&quot;form_id&quot;:3659,&quot;conditions&quot;:[],&quot;settings&quot;:{&quot;animation&quot;:&quot;yes&quot;,&quot;animation_intime&quot;:200,&quot;animation_outtime&quot;:200,&quot;conditions_ui&quot;:&quot;normal&quot;,&quot;notice_dismissed&quot;:false}}\" \/><input type=\"hidden\" name=\"_wpcf7_recaptcha_response\" value=\"\" \/>\n<\/fieldset>\n<p><span class=\"wpcf7-form-control-wrap\" data-name=\"your-name\"><input size=\"40\" maxlength=\"400\" class=\"wpcf7-form-control wpcf7-text wpcf7-validates-as-required\" aria-required=\"true\" aria-invalid=\"false\" placeholder=\"Nombre*\" value=\"\" type=\"text\" name=\"your-name\" \/><\/span>\n<\/p>\n<p><span class=\"wpcf7-form-control-wrap\" data-name=\"surname\"><input size=\"40\" maxlength=\"400\" class=\"wpcf7-form-control wpcf7-text wpcf7-validates-as-required\" aria-required=\"true\" aria-invalid=\"false\" placeholder=\"Apellido*\" value=\"\" type=\"text\" name=\"surname\" \/><\/span>\n<\/p>\n<p><span class=\"wpcf7-form-control-wrap\" data-name=\"your-email\"><input size=\"40\" maxlength=\"400\" class=\"wpcf7-form-control wpcf7-email wpcf7-validates-as-required wpcf7-text wpcf7-validates-as-email\" aria-required=\"true\" aria-invalid=\"false\" placeholder=\"Email*\" value=\"\" type=\"email\" name=\"your-email\" \/><\/span>\n<\/p>\n<p><span class=\"wpcf7-form-control-wrap\" data-name=\"tel\"><input size=\"40\" maxlength=\"400\" class=\"wpcf7-form-control wpcf7-tel wpcf7-validates-as-required wpcf7-text wpcf7-validates-as-tel\" aria-required=\"true\" aria-invalid=\"false\" placeholder=\"Tel\u00e9fono*\" value=\"\" type=\"tel\" name=\"tel\" \/><\/span>\n<\/p>\n<p><input class=\"wpcf7-form-control wpcf7-submit has-spinner\" type=\"submit\" value=\"Enviar\" \/>\n<\/p><div class=\"wpcf7-response-output\" aria-hidden=\"true\"><\/div>\n<\/form>\n<\/div>\n[\/vc_column_inner][\/vc_row_inner][\/vc_column][\/vc_row][vc_row][vc_column el_class=\u201dlogo-bot\u201d][vc_single_image image=\u201d1524\u2033 img_size=\u201dfull\u201d onclick=\u201dcustom_link\u201d link=\u201dhttp:\/\/ingenyus.es\u201d el_class=\u201dlogo-ingenyus\u201d][\/vc_column][\/vc_row]<\/p>\n","protected":false},"excerpt":{"rendered":"<p>[vc_row el_class=\u201dsection-top\u201d][vc_column width=\u201d1\/2\u2033][vc_column_text el_class=\u201dtitle\u201d] Beyond the lab [\/vc_column_text][vc_column_text el_class=\u201dsubtitle\u201d] Innovation from the Roots [\/vc_column_text][\/vc_column][vc_column width=\u201d1\/2\u2033 el_class=\u201dlogo-top\u201d][vc_single_image image=\u201d1524\u2033 img_size=\u201dfull\u201d onclick=\u201dcustom_link\u201d link=\u201dhttp:\/\/ingenyus.es\u201d el_class=\u201dlogo-ingenyus\u201d][\/vc_column][\/vc_row][vc_row el_class=\u201dsection-bot\u201d][vc_column width=\u201d1\/4\u2033 el_class=\u201ddata\u201d][vc_column_text el_class=\u201ddate\u201d]19 SETEMBRO \u201924[\/vc_column_text][vc_column_text el_class=\u201dhour\u201d]19.00 a 20.30h[\/vc_column_text][vc_empty_space][vc_single_image image=\u201d3879\u2033][vc_empty_space height=\u201d16px\u201d][vc_column_text el_class=\u201dadress\u201d]APLTA \u2013 Aula de Productos L\u00e1cteos e Tecnolox\u00edas Alimentarias R\u00faa Montir\u00f3n, 150, 27002 Lugo[\/vc_column_text][vc_empty_space][vc_column_text el_class=\u201dinfo\u201d]Innovaci\u00f3n e emprendemento desde as ra\u00edces: charlas, mesas redondas, [&hellip;]<\/p>\n","protected":false},"author":1,"featured_media":5040,"parent":0,"menu_order":0,"comment_status":"closed","ping_status":"closed","template":"","meta":{"footnotes":"","_links_to":"","_links_to_target":""},"class_list":["post-5038","page","type-page","status-publish","has-post-thumbnail","hentry"],"yoast_head":"<!-- This site is optimized with the Yoast SEO plugin v27.5 - https:\/\/yoast.com\/product\/yoast-seo-wordpress\/ -->\n<title>Innovation from the Roots - Lugo | ingenyus*<\/title>\n<meta name=\"description\" content=\"Beyond the lab- Innovation from the roots. Descubre o 19 de setembro en Lugo historias sobre innovacion e emprendemento desde as ra\u00edces\" \/>\n<meta name=\"robots\" content=\"index, follow, max-snippet:-1, max-image-preview:large, max-video-preview:-1\" \/>\n<link rel=\"canonical\" href=\"https:\/\/www.ingenyus.es\/gl\/beyond-the-lab-lugo\/\" \/>\n<meta property=\"og:locale\" content=\"gl_ES\" \/>\n<meta property=\"og:type\" content=\"article\" \/>\n<meta property=\"og:title\" content=\"Innovation from the Roots - Lugo | ingenyus*\" \/>\n<meta property=\"og:description\" content=\"Beyond the lab- Innovation from the roots. Descubre o 19 de setembro en Lugo historias sobre innovacion e emprendemento desde as ra\u00edces\" \/>\n<meta property=\"og:url\" content=\"https:\/\/www.ingenyus.es\/gl\/beyond-the-lab-lugo\/\" \/>\n<meta property=\"og:site_name\" content=\"ingenyus*\" \/>\n<meta property=\"article:publisher\" content=\"https:\/\/www.facebook.com\/ingenyus\" \/>\n<meta property=\"article:modified_time\" content=\"2026-01-19T14:23:56+00:00\" \/>\n<meta property=\"og:image\" content=\"https:\/\/www.ingenyus.es\/wp-content\/uploads\/2024\/07\/Beyond-the-lab-eventribe-lugo-19-1024x512.png\" \/>\n\t<meta property=\"og:image:width\" content=\"1024\" \/>\n\t<meta property=\"og:image:height\" content=\"512\" \/>\n\t<meta property=\"og:image:type\" content=\"image\/png\" \/>\n<meta name=\"twitter:card\" content=\"summary_large_image\" \/>\n<meta name=\"twitter:site\" content=\"@ingenyus_es\" \/>\n<meta name=\"twitter:label1\" content=\"Tempo de lectura\" \/>\n\t<meta name=\"twitter:data1\" content=\"2 minutos\" \/>\n<script type=\"application\/ld+json\" class=\"yoast-schema-graph\">{\"@context\":\"https:\\\/\\\/schema.org\",\"@graph\":[{\"@type\":\"WebPage\",\"@id\":\"https:\\\/\\\/www.ingenyus.es\\\/gl\\\/beyond-the-lab-lugo\\\/\",\"url\":\"https:\\\/\\\/www.ingenyus.es\\\/gl\\\/beyond-the-lab-lugo\\\/\",\"name\":\"Innovation from the Roots - Lugo | ingenyus*\",\"isPartOf\":{\"@id\":\"https:\\\/\\\/www.ingenyus.es\\\/#website\"},\"primaryImageOfPage\":{\"@id\":\"https:\\\/\\\/www.ingenyus.es\\\/gl\\\/beyond-the-lab-lugo\\\/#primaryimage\"},\"image\":{\"@id\":\"https:\\\/\\\/www.ingenyus.es\\\/gl\\\/beyond-the-lab-lugo\\\/#primaryimage\"},\"thumbnailUrl\":\"https:\\\/\\\/www.ingenyus.es\\\/wp-content\\\/uploads\\\/2024\\\/07\\\/Beyond-the-lab-eventribe-lugo-19.png\",\"datePublished\":\"2024-07-23T10:32:00+00:00\",\"dateModified\":\"2026-01-19T14:23:56+00:00\",\"description\":\"Beyond the lab- Innovation from the roots. Descubre o 19 de setembro en Lugo historias sobre innovacion e emprendemento desde as ra\u00edces\",\"breadcrumb\":{\"@id\":\"https:\\\/\\\/www.ingenyus.es\\\/gl\\\/beyond-the-lab-lugo\\\/#breadcrumb\"},\"inLanguage\":\"gl-ES\",\"potentialAction\":[{\"@type\":\"ReadAction\",\"target\":[\"https:\\\/\\\/www.ingenyus.es\\\/gl\\\/beyond-the-lab-lugo\\\/\"]}]},{\"@type\":\"ImageObject\",\"inLanguage\":\"gl-ES\",\"@id\":\"https:\\\/\\\/www.ingenyus.es\\\/gl\\\/beyond-the-lab-lugo\\\/#primaryimage\",\"url\":\"https:\\\/\\\/www.ingenyus.es\\\/wp-content\\\/uploads\\\/2024\\\/07\\\/Beyond-the-lab-eventribe-lugo-19.png\",\"contentUrl\":\"https:\\\/\\\/www.ingenyus.es\\\/wp-content\\\/uploads\\\/2024\\\/07\\\/Beyond-the-lab-eventribe-lugo-19.png\",\"width\":2160,\"height\":1080},{\"@type\":\"BreadcrumbList\",\"@id\":\"https:\\\/\\\/www.ingenyus.es\\\/gl\\\/beyond-the-lab-lugo\\\/#breadcrumb\",\"itemListElement\":[{\"@type\":\"ListItem\",\"position\":1,\"name\":\"Home\",\"item\":\"https:\\\/\\\/www.ingenyus.es\\\/gl\\\/\"},{\"@type\":\"ListItem\",\"position\":2,\"name\":\"Innovation from the Roots &#8211; Lugo\"}]},{\"@type\":\"WebSite\",\"@id\":\"https:\\\/\\\/www.ingenyus.es\\\/#website\",\"url\":\"https:\\\/\\\/www.ingenyus.es\\\/\",\"name\":\"ingenyus*\",\"description\":\"unnusual agency\",\"publisher\":{\"@id\":\"https:\\\/\\\/www.ingenyus.es\\\/#organization\"},\"potentialAction\":[{\"@type\":\"SearchAction\",\"target\":{\"@type\":\"EntryPoint\",\"urlTemplate\":\"https:\\\/\\\/www.ingenyus.es\\\/?s={search_term_string}\"},\"query-input\":{\"@type\":\"PropertyValueSpecification\",\"valueRequired\":true,\"valueName\":\"search_term_string\"}}],\"inLanguage\":\"gl-ES\"},{\"@type\":\"Organization\",\"@id\":\"https:\\\/\\\/www.ingenyus.es\\\/#organization\",\"name\":\"ingenyus*\",\"url\":\"https:\\\/\\\/www.ingenyus.es\\\/\",\"logo\":{\"@type\":\"ImageObject\",\"inLanguage\":\"gl-ES\",\"@id\":\"https:\\\/\\\/www.ingenyus.es\\\/#\\\/schema\\\/logo\\\/image\\\/\",\"url\":\"https:\\\/\\\/www.ingenyus.es\\\/wp-content\\\/uploads\\\/2025\\\/01\\\/in_Profile_asterisco.png\",\"contentUrl\":\"https:\\\/\\\/www.ingenyus.es\\\/wp-content\\\/uploads\\\/2025\\\/01\\\/in_Profile_asterisco.png\",\"width\":243,\"height\":203,\"caption\":\"ingenyus*\"},\"image\":{\"@id\":\"https:\\\/\\\/www.ingenyus.es\\\/#\\\/schema\\\/logo\\\/image\\\/\"},\"sameAs\":[\"https:\\\/\\\/www.facebook.com\\\/ingenyus\",\"https:\\\/\\\/x.com\\\/ingenyus_es\"]}]}<\/script>\n<!-- \/ Yoast SEO plugin. -->","yoast_head_json":{"title":"Innovation from the Roots - Lugo | ingenyus*","description":"Beyond the lab- Innovation from the roots. Descubre o 19 de setembro en Lugo historias sobre innovacion e emprendemento desde as ra\u00edces","robots":{"index":"index","follow":"follow","max-snippet":"max-snippet:-1","max-image-preview":"max-image-preview:large","max-video-preview":"max-video-preview:-1"},"canonical":"https:\/\/www.ingenyus.es\/gl\/beyond-the-lab-lugo\/","og_locale":"gl_ES","og_type":"article","og_title":"Innovation from the Roots - Lugo | ingenyus*","og_description":"Beyond the lab- Innovation from the roots. Descubre o 19 de setembro en Lugo historias sobre innovacion e emprendemento desde as ra\u00edces","og_url":"https:\/\/www.ingenyus.es\/gl\/beyond-the-lab-lugo\/","og_site_name":"ingenyus*","article_publisher":"https:\/\/www.facebook.com\/ingenyus","article_modified_time":"2026-01-19T14:23:56+00:00","og_image":[{"width":1024,"height":512,"url":"https:\/\/www.ingenyus.es\/wp-content\/uploads\/2024\/07\/Beyond-the-lab-eventribe-lugo-19-1024x512.png","type":"image\/png"}],"twitter_card":"summary_large_image","twitter_site":"@ingenyus_es","twitter_misc":{"Tempo de lectura":"2 minutos"},"schema":{"@context":"https:\/\/schema.org","@graph":[{"@type":"WebPage","@id":"https:\/\/www.ingenyus.es\/gl\/beyond-the-lab-lugo\/","url":"https:\/\/www.ingenyus.es\/gl\/beyond-the-lab-lugo\/","name":"Innovation from the Roots - Lugo | ingenyus*","isPartOf":{"@id":"https:\/\/www.ingenyus.es\/#website"},"primaryImageOfPage":{"@id":"https:\/\/www.ingenyus.es\/gl\/beyond-the-lab-lugo\/#primaryimage"},"image":{"@id":"https:\/\/www.ingenyus.es\/gl\/beyond-the-lab-lugo\/#primaryimage"},"thumbnailUrl":"https:\/\/www.ingenyus.es\/wp-content\/uploads\/2024\/07\/Beyond-the-lab-eventribe-lugo-19.png","datePublished":"2024-07-23T10:32:00+00:00","dateModified":"2026-01-19T14:23:56+00:00","description":"Beyond the lab- Innovation from the roots. Descubre o 19 de setembro en Lugo historias sobre innovacion e emprendemento desde as ra\u00edces","breadcrumb":{"@id":"https:\/\/www.ingenyus.es\/gl\/beyond-the-lab-lugo\/#breadcrumb"},"inLanguage":"gl-ES","potentialAction":[{"@type":"ReadAction","target":["https:\/\/www.ingenyus.es\/gl\/beyond-the-lab-lugo\/"]}]},{"@type":"ImageObject","inLanguage":"gl-ES","@id":"https:\/\/www.ingenyus.es\/gl\/beyond-the-lab-lugo\/#primaryimage","url":"https:\/\/www.ingenyus.es\/wp-content\/uploads\/2024\/07\/Beyond-the-lab-eventribe-lugo-19.png","contentUrl":"https:\/\/www.ingenyus.es\/wp-content\/uploads\/2024\/07\/Beyond-the-lab-eventribe-lugo-19.png","width":2160,"height":1080},{"@type":"BreadcrumbList","@id":"https:\/\/www.ingenyus.es\/gl\/beyond-the-lab-lugo\/#breadcrumb","itemListElement":[{"@type":"ListItem","position":1,"name":"Home","item":"https:\/\/www.ingenyus.es\/gl\/"},{"@type":"ListItem","position":2,"name":"Innovation from the Roots &#8211; Lugo"}]},{"@type":"WebSite","@id":"https:\/\/www.ingenyus.es\/#website","url":"https:\/\/www.ingenyus.es\/","name":"ingenyus*","description":"unnusual agency","publisher":{"@id":"https:\/\/www.ingenyus.es\/#organization"},"potentialAction":[{"@type":"SearchAction","target":{"@type":"EntryPoint","urlTemplate":"https:\/\/www.ingenyus.es\/?s={search_term_string}"},"query-input":{"@type":"PropertyValueSpecification","valueRequired":true,"valueName":"search_term_string"}}],"inLanguage":"gl-ES"},{"@type":"Organization","@id":"https:\/\/www.ingenyus.es\/#organization","name":"ingenyus*","url":"https:\/\/www.ingenyus.es\/","logo":{"@type":"ImageObject","inLanguage":"gl-ES","@id":"https:\/\/www.ingenyus.es\/#\/schema\/logo\/image\/","url":"https:\/\/www.ingenyus.es\/wp-content\/uploads\/2025\/01\/in_Profile_asterisco.png","contentUrl":"https:\/\/www.ingenyus.es\/wp-content\/uploads\/2025\/01\/in_Profile_asterisco.png","width":243,"height":203,"caption":"ingenyus*"},"image":{"@id":"https:\/\/www.ingenyus.es\/#\/schema\/logo\/image\/"},"sameAs":["https:\/\/www.facebook.com\/ingenyus","https:\/\/x.com\/ingenyus_es"]}]}},"_links":{"self":[{"href":"https:\/\/www.ingenyus.es\/gl\/wp-json\/wp\/v2\/pages\/5038","targetHints":{"allow":["GET"]}}],"collection":[{"href":"https:\/\/www.ingenyus.es\/gl\/wp-json\/wp\/v2\/pages"}],"about":[{"href":"https:\/\/www.ingenyus.es\/gl\/wp-json\/wp\/v2\/types\/page"}],"author":[{"embeddable":true,"href":"https:\/\/www.ingenyus.es\/gl\/wp-json\/wp\/v2\/users\/1"}],"replies":[{"embeddable":true,"href":"https:\/\/www.ingenyus.es\/gl\/wp-json\/wp\/v2\/comments?post=5038"}],"version-history":[{"count":3,"href":"https:\/\/www.ingenyus.es\/gl\/wp-json\/wp\/v2\/pages\/5038\/revisions"}],"predecessor-version":[{"id":5954,"href":"https:\/\/www.ingenyus.es\/gl\/wp-json\/wp\/v2\/pages\/5038\/revisions\/5954"}],"wp:featuredmedia":[{"embeddable":true,"href":"https:\/\/www.ingenyus.es\/gl\/wp-json\/wp\/v2\/media\/5040"}],"wp:attachment":[{"href":"https:\/\/www.ingenyus.es\/gl\/wp-json\/wp\/v2\/media?parent=5038"}],"curies":[{"name":"wp","href":"https:\/\/api.w.org\/{rel}","templated":true}]}}