{"id":5053,"date":"2022-01-03T18:41:13","date_gmt":"2022-01-03T17:41:13","guid":{"rendered":"https:\/\/www.ingenyus.es\/politica-privacidad\/"},"modified":"2026-01-19T15:14:34","modified_gmt":"2026-01-19T14:14:34","slug":"politica-privacidade","status":"publish","type":"page","link":"https:\/\/www.ingenyus.es\/gl\/politica-privacidade\/","title":{"rendered":"Pol\u00edtica de privacidade"},"content":{"rendered":"<p>[vc_row full_width=\u201dstretch_row\u201d row_style=\u201dbg-dark\u201d][vc_column][vc_column_text]<\/p>\r\n<h1>Pol\u00edtica de privacidade<\/h1>\r\n<p>[\/vc_column_text][\/vc_column][\/vc_row][vc_row full_width=\u201dstretch_row\u201d][vc_column][vc_column_text]<\/p>\r\n<p>A trav\u00e9s desta p\u00e1xina web non se solicitan datos de car\u00e1cter persoal dos usuarios sen o seu co\u00f1ecemento, nin se ceden a terceiros.<\/p>\r\n<p>A p\u00e1xina web <a href=\"https:\/\/www.ingenyus.es\/gl\/\">https:\/\/www.ingenyus.es<\/a> pode conter ligaz\u00f3ns a sitios web de terceiros, cuxas pol\u00edticas de privacidade son alleas a <a href=\"https:\/\/www.ingenyus.es\/gl\/\">https:\/\/www.ingenyus.es<\/a>.<\/p>\r\n<p>Ao acceder a tales p\u00e1xinas web, o usuario pode decidir se aceptar as s\u00faas pol\u00edticas de privacidade e de cookies. Con car\u00e1cter xeral, se navega por internet, vostede pode aceptar ou rexeitar as cookies de terceiros desde as opci\u00f3ns de configuraci\u00f3n do seu navegador.<\/p>\r\n<p>A continuaci\u00f3n, indic\u00e1moslle a informaci\u00f3n b\u00e1sica:<\/p>\r\n<h2 class=\"wp-block-heading\"><strong>Responsable do tratamento:<\/strong><\/h2>\r\n<p>Os datos de car\u00e1cter persoal que se puidesen solicitar directamente do usuario ser\u00e1n tratados de forma confidencial e quedar\u00e1n incorporados \u00e1 correspondente actividade de tratamento titularidade de Ingenyus Marketing Inteligente S.L.<\/p>\r\n<p>\u00a0<\/p>\r\n<h2><strong>Finalidade do tratamento:<\/strong><\/h2>\r\n<p>A finalidade do sitio web \u00e9 a de informar dos produtos e servizos relacionados coa s\u00faa actividade empresarial. O usuario consente expresamente que os seus datos persoais sexan tratados para a remisi\u00f3n de informaci\u00f3n de car\u00e1cter comercial por v\u00eda electr\u00f3nica (Por exemplo: correo electr\u00f3nico, redes sociais\u2026 etc.).<\/p>\r\n<p>\u00a0<\/p>\r\n<h2><strong>Lexitimaci\u00f3n do tratamento:<\/strong><\/h2>\r\n<p>O tratamento dos seus datos real\u00edzase para o cumprimento da relaci\u00f3n contractual entre o usuario rexistrado e o titular desta p\u00e1xina web, as\u00ed como cando a finalidade do tratamento requira o seu consentimento, para o que se habilitaron os correspondentes formularios, que haber\u00e1 de ser prestado mediante unha clara acci\u00f3n afirmativa (Por exemplo, mediante a aceptaci\u00f3n da casa correspondente \u00e1 pol\u00edtica de privacidade).<\/p>\r\n<p>\u00a0<\/p>\r\n<h2><strong>Conservaci\u00f3n dos datos:<\/strong><\/h2>\r\n<p>Os datos persoais proporcionados polos usuarios, xa sexa a trav\u00e9s dos formularios de contacto ou a trav\u00e9s do rexistro de usuarios na p\u00e1xina web, conservaranse durante o tempo necesario para cumprir coa finalidade para a que se solicitan e para determinar as posibles responsabilidades que se puidesen derivar da finalidade, ademais dos per\u00edodos establecidos na normativa de arquivos e documentaci\u00f3n.<\/p>\r\n<p>\u00a0<\/p>\r\n<h2><strong>Comunicaci\u00f3n dos datos:<\/strong><\/h2>\r\n<p>Con car\u00e1cter xeral, non se comunicar\u00e1n os datos persoais a terceiros, salvo obrigaci\u00f3n legal.<\/p>\r\n<p>\u00a0<\/p>\r\n<h2><strong>Tratamento dos datos de menores:<\/strong><\/h2>\r\n<p>As persoas maiores de 16 anos poder\u00e1n prestar validamente o seu consentimento para o tratamento dos seus datos persoais a trav\u00e9s desta p\u00e1xina web.<\/p>\r\n<p>O tratamento de datos de persoas menores de 16 anos necesitar\u00e1 o consentimento dos seus pais ou titores legais, cuesti\u00f3n que haber\u00e1 de manifestarse nos formularios de contacto.<\/p>\r\n<p>\u00a0<\/p>\r\n<h2><strong>Dereitos dos interesados:<\/strong><\/h2>\r\n<p>Pode exercer os seus dereitos de acceso, rectificaci\u00f3n, supresi\u00f3n, oposici\u00f3n e limitaci\u00f3n do tratamento e portabilidade dos seus datos, as\u00ed como a non ser obxecto de decisi\u00f3ns baseadas unicamente no tratamento automatizado dos seus datos, cando procedan, ante a Axencia Espa\u00f1ola de Protecci\u00f3n de Datos, mediante correo postal en R\u00faa Real N.\u00ba 24 primeiro, 15003, A Coru\u00f1a ou na direcci\u00f3n <a href=\"mailto:hola@ingenyus.es\">hola@ingenyus.es<\/a>.<\/p>\r\n\r\n<p>\u00a0<\/p>\r\n<p>[\/vc_column_text][\/vc_column][\/vc_row]<\/p>","protected":false},"excerpt":{"rendered":"<p>[vc_row full_width=\u201dstretch_row\u201d row_style=\u201dbg-dark\u201d][vc_column][vc_column_text] Pol\u00edtica de privacidade [\/vc_column_text][\/vc_column][\/vc_row][vc_row full_width=\u201dstretch_row\u201d][vc_column][vc_column_text] A trav\u00e9s desta p\u00e1xina web non se solicitan datos de car\u00e1cter persoal dos usuarios sen o seu co\u00f1ecemento, nin se ceden a terceiros. A p\u00e1xina web https:\/\/www.ingenyus.es pode conter ligaz\u00f3ns a sitios web de terceiros, cuxas pol\u00edticas de privacidade son alleas a https:\/\/www.ingenyus.es. Ao acceder a tales [&hellip;]<\/p>\n","protected":false},"author":1,"featured_media":0,"parent":0,"menu_order":0,"comment_status":"closed","ping_status":"open","template":"","meta":{"footnotes":"","_links_to":"","_links_to_target":""},"class_list":["post-5053","page","type-page","status-publish","hentry"],"yoast_head":"<!-- This site is optimized with the Yoast SEO plugin v27.5 - https:\/\/yoast.com\/product\/yoast-seo-wordpress\/ -->\n<title>Pol\u00edtica de privacidade | ingenyus*<\/title>\n<meta name=\"description\" content=\"En ingenyus* atopar\u00e1s un equipo con perf\u00eds especializados en marketing e comunicaci\u00f3n de ciencia, tecnolox\u00eda e innovaci\u00f3n\" \/>\n<meta name=\"robots\" content=\"noindex, nofollow\" \/>\n<meta property=\"og:locale\" content=\"gl_ES\" \/>\n<meta property=\"og:type\" content=\"article\" \/>\n<meta property=\"og:title\" content=\"Pol\u00edtica de privacidade | ingenyus*\" \/>\n<meta property=\"og:description\" content=\"En ingenyus* atopar\u00e1s un equipo con perf\u00eds especializados en marketing e comunicaci\u00f3n de ciencia, tecnolox\u00eda e innovaci\u00f3n\" \/>\n<meta property=\"og:url\" content=\"https:\/\/www.ingenyus.es\/gl\/politica-privacidade\/\" \/>\n<meta property=\"og:site_name\" content=\"ingenyus*\" \/>\n<meta property=\"article:publisher\" content=\"https:\/\/www.facebook.com\/ingenyus\" \/>\n<meta property=\"article:modified_time\" content=\"2026-01-19T14:14:34+00:00\" \/>\n<meta property=\"og:image\" content=\"https:\/\/www.ingenyus.es\/wp-content\/uploads\/2025\/02\/SEO-in-horizontal.jpg\" \/>\n\t<meta property=\"og:image:width\" content=\"800\" \/>\n\t<meta property=\"og:image:height\" content=\"450\" \/>\n\t<meta property=\"og:image:type\" content=\"image\/jpeg\" \/>\n<meta name=\"twitter:card\" content=\"summary_large_image\" \/>\n<meta name=\"twitter:site\" content=\"@ingenyus_es\" \/>\n<meta name=\"twitter:label1\" content=\"Tempo de lectura\" \/>\n\t<meta name=\"twitter:data1\" content=\"3 minutos\" \/>\n<script type=\"application\/ld+json\" class=\"yoast-schema-graph\">{\"@context\":\"https:\\\/\\\/schema.org\",\"@graph\":[{\"@type\":\"WebPage\",\"@id\":\"https:\\\/\\\/www.ingenyus.es\\\/gl\\\/politica-privacidade\\\/\",\"url\":\"https:\\\/\\\/www.ingenyus.es\\\/gl\\\/politica-privacidade\\\/\",\"name\":\"Pol\u00edtica de privacidade | ingenyus*\",\"isPartOf\":{\"@id\":\"https:\\\/\\\/www.ingenyus.es\\\/#website\"},\"datePublished\":\"2022-01-03T17:41:13+00:00\",\"dateModified\":\"2026-01-19T14:14:34+00:00\",\"description\":\"En ingenyus* atopar\u00e1s un equipo con perf\u00eds especializados en marketing e comunicaci\u00f3n de ciencia, tecnolox\u00eda e innovaci\u00f3n\",\"breadcrumb\":{\"@id\":\"https:\\\/\\\/www.ingenyus.es\\\/gl\\\/politica-privacidade\\\/#breadcrumb\"},\"inLanguage\":\"gl-ES\",\"potentialAction\":[{\"@type\":\"ReadAction\",\"target\":[\"https:\\\/\\\/www.ingenyus.es\\\/gl\\\/politica-privacidade\\\/\"]}]},{\"@type\":\"BreadcrumbList\",\"@id\":\"https:\\\/\\\/www.ingenyus.es\\\/gl\\\/politica-privacidade\\\/#breadcrumb\",\"itemListElement\":[{\"@type\":\"ListItem\",\"position\":1,\"name\":\"Home\",\"item\":\"https:\\\/\\\/www.ingenyus.es\\\/gl\\\/\"},{\"@type\":\"ListItem\",\"position\":2,\"name\":\"Pol\u00edtica de privacidade\"}]},{\"@type\":\"WebSite\",\"@id\":\"https:\\\/\\\/www.ingenyus.es\\\/#website\",\"url\":\"https:\\\/\\\/www.ingenyus.es\\\/\",\"name\":\"ingenyus*\",\"description\":\"unnusual agency\",\"publisher\":{\"@id\":\"https:\\\/\\\/www.ingenyus.es\\\/#organization\"},\"potentialAction\":[{\"@type\":\"SearchAction\",\"target\":{\"@type\":\"EntryPoint\",\"urlTemplate\":\"https:\\\/\\\/www.ingenyus.es\\\/?s={search_term_string}\"},\"query-input\":{\"@type\":\"PropertyValueSpecification\",\"valueRequired\":true,\"valueName\":\"search_term_string\"}}],\"inLanguage\":\"gl-ES\"},{\"@type\":\"Organization\",\"@id\":\"https:\\\/\\\/www.ingenyus.es\\\/#organization\",\"name\":\"ingenyus*\",\"url\":\"https:\\\/\\\/www.ingenyus.es\\\/\",\"logo\":{\"@type\":\"ImageObject\",\"inLanguage\":\"gl-ES\",\"@id\":\"https:\\\/\\\/www.ingenyus.es\\\/#\\\/schema\\\/logo\\\/image\\\/\",\"url\":\"https:\\\/\\\/www.ingenyus.es\\\/wp-content\\\/uploads\\\/2025\\\/01\\\/in_Profile_asterisco.png\",\"contentUrl\":\"https:\\\/\\\/www.ingenyus.es\\\/wp-content\\\/uploads\\\/2025\\\/01\\\/in_Profile_asterisco.png\",\"width\":243,\"height\":203,\"caption\":\"ingenyus*\"},\"image\":{\"@id\":\"https:\\\/\\\/www.ingenyus.es\\\/#\\\/schema\\\/logo\\\/image\\\/\"},\"sameAs\":[\"https:\\\/\\\/www.facebook.com\\\/ingenyus\",\"https:\\\/\\\/x.com\\\/ingenyus_es\"]}]}<\/script>\n<!-- \/ Yoast SEO plugin. -->","yoast_head_json":{"title":"Pol\u00edtica de privacidade | ingenyus*","description":"En ingenyus* atopar\u00e1s un equipo con perf\u00eds especializados en marketing e comunicaci\u00f3n de ciencia, tecnolox\u00eda e innovaci\u00f3n","robots":{"index":"noindex","follow":"nofollow"},"og_locale":"gl_ES","og_type":"article","og_title":"Pol\u00edtica de privacidade | ingenyus*","og_description":"En ingenyus* atopar\u00e1s un equipo con perf\u00eds especializados en marketing e comunicaci\u00f3n de ciencia, tecnolox\u00eda e innovaci\u00f3n","og_url":"https:\/\/www.ingenyus.es\/gl\/politica-privacidade\/","og_site_name":"ingenyus*","article_publisher":"https:\/\/www.facebook.com\/ingenyus","article_modified_time":"2026-01-19T14:14:34+00:00","og_image":[{"width":800,"height":450,"url":"https:\/\/www.ingenyus.es\/wp-content\/uploads\/2025\/02\/SEO-in-horizontal.jpg","type":"image\/jpeg"}],"twitter_card":"summary_large_image","twitter_site":"@ingenyus_es","twitter_misc":{"Tempo de lectura":"3 minutos"},"schema":{"@context":"https:\/\/schema.org","@graph":[{"@type":"WebPage","@id":"https:\/\/www.ingenyus.es\/gl\/politica-privacidade\/","url":"https:\/\/www.ingenyus.es\/gl\/politica-privacidade\/","name":"Pol\u00edtica de privacidade | ingenyus*","isPartOf":{"@id":"https:\/\/www.ingenyus.es\/#website"},"datePublished":"2022-01-03T17:41:13+00:00","dateModified":"2026-01-19T14:14:34+00:00","description":"En ingenyus* atopar\u00e1s un equipo con perf\u00eds especializados en marketing e comunicaci\u00f3n de ciencia, tecnolox\u00eda e innovaci\u00f3n","breadcrumb":{"@id":"https:\/\/www.ingenyus.es\/gl\/politica-privacidade\/#breadcrumb"},"inLanguage":"gl-ES","potentialAction":[{"@type":"ReadAction","target":["https:\/\/www.ingenyus.es\/gl\/politica-privacidade\/"]}]},{"@type":"BreadcrumbList","@id":"https:\/\/www.ingenyus.es\/gl\/politica-privacidade\/#breadcrumb","itemListElement":[{"@type":"ListItem","position":1,"name":"Home","item":"https:\/\/www.ingenyus.es\/gl\/"},{"@type":"ListItem","position":2,"name":"Pol\u00edtica de privacidade"}]},{"@type":"WebSite","@id":"https:\/\/www.ingenyus.es\/#website","url":"https:\/\/www.ingenyus.es\/","name":"ingenyus*","description":"unnusual agency","publisher":{"@id":"https:\/\/www.ingenyus.es\/#organization"},"potentialAction":[{"@type":"SearchAction","target":{"@type":"EntryPoint","urlTemplate":"https:\/\/www.ingenyus.es\/?s={search_term_string}"},"query-input":{"@type":"PropertyValueSpecification","valueRequired":true,"valueName":"search_term_string"}}],"inLanguage":"gl-ES"},{"@type":"Organization","@id":"https:\/\/www.ingenyus.es\/#organization","name":"ingenyus*","url":"https:\/\/www.ingenyus.es\/","logo":{"@type":"ImageObject","inLanguage":"gl-ES","@id":"https:\/\/www.ingenyus.es\/#\/schema\/logo\/image\/","url":"https:\/\/www.ingenyus.es\/wp-content\/uploads\/2025\/01\/in_Profile_asterisco.png","contentUrl":"https:\/\/www.ingenyus.es\/wp-content\/uploads\/2025\/01\/in_Profile_asterisco.png","width":243,"height":203,"caption":"ingenyus*"},"image":{"@id":"https:\/\/www.ingenyus.es\/#\/schema\/logo\/image\/"},"sameAs":["https:\/\/www.facebook.com\/ingenyus","https:\/\/x.com\/ingenyus_es"]}]}},"_links":{"self":[{"href":"https:\/\/www.ingenyus.es\/gl\/wp-json\/wp\/v2\/pages\/5053","targetHints":{"allow":["GET"]}}],"collection":[{"href":"https:\/\/www.ingenyus.es\/gl\/wp-json\/wp\/v2\/pages"}],"about":[{"href":"https:\/\/www.ingenyus.es\/gl\/wp-json\/wp\/v2\/types\/page"}],"author":[{"embeddable":true,"href":"https:\/\/www.ingenyus.es\/gl\/wp-json\/wp\/v2\/users\/1"}],"replies":[{"embeddable":true,"href":"https:\/\/www.ingenyus.es\/gl\/wp-json\/wp\/v2\/comments?post=5053"}],"version-history":[{"count":4,"href":"https:\/\/www.ingenyus.es\/gl\/wp-json\/wp\/v2\/pages\/5053\/revisions"}],"predecessor-version":[{"id":6980,"href":"https:\/\/www.ingenyus.es\/gl\/wp-json\/wp\/v2\/pages\/5053\/revisions\/6980"}],"wp:attachment":[{"href":"https:\/\/www.ingenyus.es\/gl\/wp-json\/wp\/v2\/media?parent=5053"}],"curies":[{"name":"wp","href":"https:\/\/api.w.org\/{rel}","templated":true}]}}